{"id":8,"date":"2021-03-18T11:26:45","date_gmt":"2021-03-18T11:26:45","guid":{"rendered":"https:\/\/www.biopathocid.com\/web\/?page_id=8"},"modified":"2022-05-25T06:35:41","modified_gmt":"2022-05-25T06:35:41","slug":"la-empresa","status":"publish","type":"page","link":"https:\/\/www.biopathocid.com\/web\/la-empresa\/","title":{"rendered":"La empresa"},"content":{"rendered":"[vc_row][vc_column][vc_single_image image=\u00bb126&#8243; img_size=\u00bbfull\u00bb alignment=\u00bbcenter\u00bb][vc_column_text css=\u00bb.vc_custom_1653460540831{margin-bottom: 0px !important;}\u00bb]\n<div class=\" vc_custom_1574073344769\">\n<div id=\"text-block-4\" class=\"mk-text-block \">\n<p><strong><em>\u201cSomos especialistas en el an\u00e1lisis, estudio y diagn\u00f3stico de biopsias, piezas quir\u00fargicas y citolog\u00edas, siempre con elevada calidad diagn\u00f3stica\u201d<\/em><\/strong><\/p>\n<p>Biopathocid SL, Laboratorio de Anatom\u00eda Patol\u00f3gica, est\u00e1 situado en el Centro de Negocios Bulevar de Altorreal en la Avda. del Golf 5 en Molina de Segura, Murcia.<\/p>\n<p>Contamos con unas\u00a0modernas instalaciones integrando las m\u00e1s avanzadas tecnolog\u00edas en un espacio de m\u00e1s de 200 m\u00b2 como Centro de Diagn\u00f3stico.<\/p>\n<p>Nuestras instalaciones han recibido la acreditaci\u00f3n del Departamento de Sanidad, certific\u00e1ndolas APTAS para realizar la labor de Laboratorio de Anatom\u00eda Patol\u00f3gica; Adem\u00e1s de recibir la autorizaci\u00f3n del Ayuntamiento de Molina de Segura y del Departamento de Medio Ambiente de la Comunidad Aut\u00f3noma (RES 40000196). Destacar tambi\u00e9n el cumplimiento y reconocimiento constante en la mejora de calidad, para ello contamos con certificaciones como la ISO9001 AENOR dirigida especialmente a Laboratorio de Anatom\u00eda Patol\u00f3gica, y certificado de calidad IQnet.<\/p>\n<\/div>\n<\/div>\n<div id=\"text-block-5\" class=\"mk-text-block \">\n<p><img loading=\"lazy\" decoding=\"async\" class=\"aligncenter wp-image-134 size-full\" src=\"https:\/\/www.biopathocid.com\/web\/wp-content\/uploads\/2022\/05\/sellos-aenor.jpg\" alt=\"\" width=\"290\" height=\"131\" \/><\/p>\n<p>Biopathocid SL nace como apoyo fundamental a los m\u00e9dicos de hospitales y cl\u00ednicas de la Regi\u00f3n, formando junto a ellos un gran equipo local.<\/p>\n<p>Nuestra misi\u00f3n es garantizar que el m\u00e9dico\/paciente que nos conf\u00eda sus estudios anatomopatol\u00f3gicos reciba el mejor servicio profesional que permita determinar el tratamiento m\u00e9dico adecuado a cada caso particular.<\/p>\n<p>Siendo el laboratorio de referencia para nuestros colaboradores en el \u00e1mbito de la Regi\u00f3n de Murcia, les ofrecemos siempre est\u00e1ndares muy elevados en calidad diagnostica.\u00a0Nuestra pol\u00edtica de calidad\u00a0define todos los objetivos que nos permiten ofrecer un servicio de excelencia para el diagn\u00f3stico basado en el rigor, el compromiso y la mejora continua.<\/p>\n<p>Estamos constantemente comprometidos con las necesidades y expectativas de nuestros clientes siguiendo, adem\u00e1s, las recomendaciones de la Sociedad Espa\u00f1ola de Anatom\u00eda Patol\u00f3gica (SEAP).<\/p>\n<\/div>\n[\/vc_column_text][\/vc_column][\/vc_row]\n","protected":false},"excerpt":{"rendered":"<p>[vc_row][vc_column][vc_single_image image=\u00bb126&#8243; img_size=\u00bbfull\u00bb alignment=\u00bbcenter\u00bb][vc_column_text css=\u00bb.vc_custom_1653460540831{margin-bottom: 0px !important;}\u00bb] \u201cSomos especialistas en el an\u00e1lisis, estudio y diagn\u00f3stico de biopsias, piezas quir\u00fargicas y citolog\u00edas, siempre con elevada calidad diagn\u00f3stica\u201d Biopathocid SL, Laboratorio de Anatom\u00eda Patol\u00f3gica, est\u00e1 situado en el Centro de Negocios Bulevar de Altorreal en la Avda. del Golf 5 en Molina de Segura, Murcia. Contamos con [&hellip;]<\/p>\n","protected":false},"author":1,"featured_media":0,"parent":0,"menu_order":0,"comment_status":"closed","ping_status":"closed","template":"","meta":{"footnotes":""},"class_list":["post-8","page","type-page","status-publish","hentry"],"yoast_head":"<!-- This site is optimized with the Yoast SEO plugin v16.2 - https:\/\/yoast.com\/wordpress\/plugins\/seo\/ -->\n<title>La empresa - Biopathocid - Laboratorio de anatom\u00eda patol\u00f3gica en Murcia<\/title>\n<meta name=\"robots\" content=\"index, follow, max-snippet:-1, max-image-preview:large, max-video-preview:-1\" \/>\n<link rel=\"canonical\" href=\"https:\/\/www.biopathocid.com\/web\/la-empresa\/\" \/>\n<meta property=\"og:locale\" content=\"es_ES\" \/>\n<meta property=\"og:type\" content=\"article\" \/>\n<meta property=\"og:title\" content=\"La empresa - Biopathocid - Laboratorio de anatom\u00eda patol\u00f3gica en Murcia\" \/>\n<meta property=\"og:description\" content=\"[vc_row][vc_column][vc_single_image image=\u00bb126&#8243; img_size=\u00bbfull\u00bb alignment=\u00bbcenter\u00bb][vc_column_text css=\u00bb.vc_custom_1653460540831{margin-bottom: 0px !important;}\u00bb] \u201cSomos especialistas en el an\u00e1lisis, estudio y diagn\u00f3stico de biopsias, piezas quir\u00fargicas y citolog\u00edas, siempre con elevada calidad diagn\u00f3stica\u201d Biopathocid SL, Laboratorio de Anatom\u00eda Patol\u00f3gica, est\u00e1 situado en el Centro de Negocios Bulevar de Altorreal en la Avda. del Golf 5 en Molina de Segura, Murcia. Contamos con [&hellip;]\" \/>\n<meta property=\"og:url\" content=\"https:\/\/www.biopathocid.com\/web\/la-empresa\/\" \/>\n<meta property=\"og:site_name\" content=\"Biopathocid - Laboratorio de anatom\u00eda patol\u00f3gica en Murcia\" \/>\n<meta property=\"article:modified_time\" content=\"2022-05-25T06:35:41+00:00\" \/>\n<meta property=\"og:image\" content=\"https:\/\/www.biopathocid.com\/web\/wp-content\/uploads\/2022\/05\/sellos-aenor.jpg\" \/>\n<meta name=\"twitter:card\" content=\"summary_large_image\" \/>\n<meta name=\"twitter:label1\" content=\"Tiempo de lectura\">\n\t<meta name=\"twitter:data1\" content=\"2 minutos\">\n<script type=\"application\/ld+json\" class=\"yoast-schema-graph\">{\"@context\":\"https:\/\/schema.org\",\"@graph\":[{\"@type\":\"WebSite\",\"@id\":\"https:\/\/www.biopathocid.com\/web\/#website\",\"url\":\"https:\/\/www.biopathocid.com\/web\/\",\"name\":\"Biopathocid - Laboratorio de anatom\\u00eda patol\\u00f3gica en Murcia\",\"description\":\"Biopathocid - Laboratorio de anatom\\u00eda patol\\u00f3gica en Murcia\",\"potentialAction\":[{\"@type\":\"SearchAction\",\"target\":\"https:\/\/www.biopathocid.com\/web\/?s={search_term_string}\",\"query-input\":\"required name=search_term_string\"}],\"inLanguage\":\"es\"},{\"@type\":\"ImageObject\",\"@id\":\"https:\/\/www.biopathocid.com\/web\/la-empresa\/#primaryimage\",\"inLanguage\":\"es\",\"url\":\"https:\/\/www.biopathocid.com\/web\/wp-content\/uploads\/2022\/05\/sellos-aenor.jpg\",\"contentUrl\":\"https:\/\/www.biopathocid.com\/web\/wp-content\/uploads\/2022\/05\/sellos-aenor.jpg\",\"width\":290,\"height\":131},{\"@type\":\"WebPage\",\"@id\":\"https:\/\/www.biopathocid.com\/web\/la-empresa\/#webpage\",\"url\":\"https:\/\/www.biopathocid.com\/web\/la-empresa\/\",\"name\":\"La empresa - Biopathocid - Laboratorio de anatom\\u00eda patol\\u00f3gica en Murcia\",\"isPartOf\":{\"@id\":\"https:\/\/www.biopathocid.com\/web\/#website\"},\"primaryImageOfPage\":{\"@id\":\"https:\/\/www.biopathocid.com\/web\/la-empresa\/#primaryimage\"},\"datePublished\":\"2021-03-18T11:26:45+00:00\",\"dateModified\":\"2022-05-25T06:35:41+00:00\",\"breadcrumb\":{\"@id\":\"https:\/\/www.biopathocid.com\/web\/la-empresa\/#breadcrumb\"},\"inLanguage\":\"es\",\"potentialAction\":[{\"@type\":\"ReadAction\",\"target\":[\"https:\/\/www.biopathocid.com\/web\/la-empresa\/\"]}]},{\"@type\":\"BreadcrumbList\",\"@id\":\"https:\/\/www.biopathocid.com\/web\/la-empresa\/#breadcrumb\",\"itemListElement\":[{\"@type\":\"ListItem\",\"position\":1,\"item\":{\"@type\":\"WebPage\",\"@id\":\"https:\/\/www.biopathocid.com\/web\/\",\"url\":\"https:\/\/www.biopathocid.com\/web\/\",\"name\":\"Portada\"}},{\"@type\":\"ListItem\",\"position\":2,\"item\":{\"@id\":\"https:\/\/www.biopathocid.com\/web\/la-empresa\/#webpage\"}}]}]}<\/script>\n<!-- \/ Yoast SEO plugin. -->","_links":{"self":[{"href":"https:\/\/www.biopathocid.com\/web\/wp-json\/wp\/v2\/pages\/8","targetHints":{"allow":["GET"]}}],"collection":[{"href":"https:\/\/www.biopathocid.com\/web\/wp-json\/wp\/v2\/pages"}],"about":[{"href":"https:\/\/www.biopathocid.com\/web\/wp-json\/wp\/v2\/types\/page"}],"author":[{"embeddable":true,"href":"https:\/\/www.biopathocid.com\/web\/wp-json\/wp\/v2\/users\/1"}],"replies":[{"embeddable":true,"href":"https:\/\/www.biopathocid.com\/web\/wp-json\/wp\/v2\/comments?post=8"}],"version-history":[{"count":8,"href":"https:\/\/www.biopathocid.com\/web\/wp-json\/wp\/v2\/pages\/8\/revisions"}],"predecessor-version":[{"id":137,"href":"https:\/\/www.biopathocid.com\/web\/wp-json\/wp\/v2\/pages\/8\/revisions\/137"}],"wp:attachment":[{"href":"https:\/\/www.biopathocid.com\/web\/wp-json\/wp\/v2\/media?parent=8"}],"curies":[{"name":"wp","href":"https:\/\/api.w.org\/{rel}","templated":true}]}}