{"id":6,"date":"2021-03-18T11:26:40","date_gmt":"2021-03-18T11:26:40","guid":{"rendered":"https:\/\/www.biopathocid.com\/web\/?page_id=6"},"modified":"2021-03-24T18:17:43","modified_gmt":"2021-03-24T18:17:43","slug":"quienes-somos","status":"publish","type":"page","link":"https:\/\/www.biopathocid.com\/web\/quienes-somos\/","title":{"rendered":"Quienes somos"},"content":{"rendered":"[vc_row][vc_column][vc_single_image image=\u00bb83&#8243; img_size=\u00bbfull\u00bb][\/vc_column][\/vc_row][vc_row][vc_column][vc_column_text css=\u00bb.vc_custom_1616073460747{margin-bottom: 0px !important;}\u00bb]<em><strong>\u201cSomos especialistas en el an\u00e1lisis, estudio y diagn\u00f3stico de biopsias, piezas quir\u00fargicas y citolog\u00edas, siempre con elevada calidad diagn\u00f3stica\u201d<\/strong><\/em><\/p>\n<div class=\"clearboth\"><\/div>\n<div class=\" vc_custom_1576585845933\">\n<div id=\"text-block-5\" class=\"mk-text-block \">\n<p>Biopathocid, Laboratorio de Anatom\u00eda Patol\u00f3gica, nace como apoyo fundamental a los m\u00e9dicos de hospitales y cl\u00ednicas de la Regi\u00f3n, formando junto a ellos un gran equipo local.<\/p>\n<p><b>Nuestra MISI\u00d3N es garantizar que el m\u00e9dico\/paciente que nos conf\u00eda sus estudios anatomopatol\u00f3gicos reciba el mejor servicio profesional que permita determinar el tratamiento m\u00e9dico adecuado a cada caso particular.<\/b><\/p>\n<p>Biopathocid sl, es el laboratorio de referencia para nuestros colaboradores en el \u00e1mbito de la Regi\u00f3n de Murcia, les ofrecemos siempre est\u00e1ndares muy elevados en calidad diagnostica.\u00a0Nuestra pol\u00edtica de calidad\u00a0define todos los objetivos que nos permiten ofrecer un servicio de excelencia para el diagn\u00f3stico basado en el rigor, el compromiso y la mejora continua.<\/p>\n<p>Estamos constantemente comprometidos con las necesidades y expectativas de nuestros clientes siguiendo, adem\u00e1s, las recomendaciones de la Sociedad Espa\u00f1ola de Anatom\u00eda Patol\u00f3gica (SEAP).<\/p>\n<p>Nos basamos en nuestra cultura del trabajo, del esfuerzo, de la responsabilidad \u00e9tica y profesional para crecer en nuestro entorno.<\/p>\n<p><b>Nuestros VALORES<\/b>\u00a0nos comprometen a servir diariamente a nuestros clientes con:<\/p>\n<ul>\n<li><b>Excelencia:<\/b>\u00a0trabajamos para ser reconocidos por nuestra calidad, tanto por nuestros colaboradores como en el \u00e1mbito sanitario donde desarrollamos nuestra actividad.<\/li>\n<li>Siempre con \u00e1nimo de b\u00fasqueda de\u00a0<b>calidad<\/b>\u00a0contin\u00faa.<\/li>\n<li>M\u00e1ximo\u00a0<b>esmero<\/b>\u00a0en los trabajos realizados.<\/li>\n<li><b>Compromiso<\/b>\u00a0claro con las demandas de nuestros clientes.<\/li>\n<li><b>Trabajo en equipo<\/b>.<\/li>\n<li><b>Claridad y transparencia<\/b>.<\/li>\n<li><b>\u00c9tica, profesionalidad y confidencialidad estricta<\/b>.<\/li>\n<\/ul>\n<p>Cabe destacar nuestro gran equipo humano, desde el personal encargado de realizar la correcta recogida, custodia y trazado de todo el material preparado para analizar, pasando por el Departamento T\u00e9cnico, formado por t\u00e9cnicos superiores en anatom\u00eda patol\u00f3gica; el Departamento de Administraci\u00f3n y Gesti\u00f3n, formado por profesionales cualificados en atenci\u00f3n al paciente, y el \u00e1rea de Gerencia; As\u00ed como nuestro Departamento M\u00e9dico, formado por pat\u00f3logos especialistas en diferentes \u00e1reas. Todos con amplia formaci\u00f3n, experiencia, responsabilidad y alto grado de implicaci\u00f3n, siempre rigurosos desempe\u00f1an su funci\u00f3n.\u00a0<b>Una menci\u00f3n muy especial para todos y cada uno de ellos fundamentales en nuestro d\u00eda a d\u00eda.<\/b><\/p>\n<p>Contamos con varios pat\u00f3logos especialistas en diversas \u00e1reas; y como\u00a0<b>Director M\u00e9dico del laboratorio se encuentra el<\/b>\u00a0<b>Dr Jes\u00fas M. de la Pe\u00f1a<\/b>, licenciado en Medicina y Cirug\u00eda por la Universidad de Navarra y especialista en Anatom\u00eda Patol\u00f3gica.<\/p>\n<p>El Dr. de la Pe\u00f1a compagina su labor hospitalar junto con la del laboratorio, con excelente desempe\u00f1o profesional, gran rigor, dedicaci\u00f3n, investigaci\u00f3n y estudio. En el Hospital Cl\u00ednico Universitario Virgen de la Arrixaca se encarga de la patolog\u00eda hep\u00e1tica, hep\u00e1tica del trasplante, nefropatolog\u00eda y patolog\u00eda renal del trasplante, as\u00ed como de la patolog\u00eda pancreatobiliar. El Dr. de la Pe\u00f1a es tambi\u00e9n Doctor\u00a0<em>cum laude<\/em>\u00a0por la Universidad de Murcia y ha sido presidente de la Asociaci\u00f3n Territorial de la Regi\u00f3n de Murcia de la Sociedad Espa\u00f1ola de Anatom\u00eda Patol\u00f3gica \u2013 Academia Internacional de Patolog\u00eda (2012-2014).<\/p>\n<\/div>\n<\/div>\n[\/vc_column_text][\/vc_column][\/vc_row]\n","protected":false},"excerpt":{"rendered":"<p>[vc_row][vc_column][vc_single_image image=\u00bb83&#8243; img_size=\u00bbfull\u00bb][\/vc_column][\/vc_row][vc_row][vc_column][vc_column_text css=\u00bb.vc_custom_1616073460747{margin-bottom: 0px !important;}\u00bb]\u201cSomos especialistas en el an\u00e1lisis, estudio y diagn\u00f3stico de biopsias, piezas quir\u00fargicas y citolog\u00edas, siempre con elevada calidad diagn\u00f3stica\u201d Biopathocid, Laboratorio de Anatom\u00eda Patol\u00f3gica, nace como apoyo fundamental a los m\u00e9dicos de hospitales y cl\u00ednicas de la Regi\u00f3n, formando junto a ellos un gran equipo local. Nuestra MISI\u00d3N es garantizar [&hellip;]<\/p>\n","protected":false},"author":1,"featured_media":0,"parent":0,"menu_order":0,"comment_status":"closed","ping_status":"closed","template":"","meta":{"footnotes":""},"class_list":["post-6","page","type-page","status-publish","hentry"],"yoast_head":"<!-- This site is optimized with the Yoast SEO plugin v16.2 - https:\/\/yoast.com\/wordpress\/plugins\/seo\/ -->\n<title>Quienes somos - Biopathocid - Laboratorio de anatom\u00eda patol\u00f3gica en Murcia<\/title>\n<meta name=\"robots\" content=\"index, follow, max-snippet:-1, max-image-preview:large, max-video-preview:-1\" \/>\n<link rel=\"canonical\" href=\"https:\/\/www.biopathocid.com\/web\/quienes-somos\/\" \/>\n<meta property=\"og:locale\" content=\"es_ES\" \/>\n<meta property=\"og:type\" content=\"article\" \/>\n<meta property=\"og:title\" content=\"Quienes somos - Biopathocid - Laboratorio de anatom\u00eda patol\u00f3gica en Murcia\" \/>\n<meta property=\"og:description\" content=\"[vc_row][vc_column][vc_single_image image=\u00bb83&#8243; img_size=\u00bbfull\u00bb][\/vc_column][\/vc_row][vc_row][vc_column][vc_column_text css=\u00bb.vc_custom_1616073460747{margin-bottom: 0px !important;}\u00bb]\u201cSomos especialistas en el an\u00e1lisis, estudio y diagn\u00f3stico de biopsias, piezas quir\u00fargicas y citolog\u00edas, siempre con elevada calidad diagn\u00f3stica\u201d Biopathocid, Laboratorio de Anatom\u00eda Patol\u00f3gica, nace como apoyo fundamental a los m\u00e9dicos de hospitales y cl\u00ednicas de la Regi\u00f3n, formando junto a ellos un gran equipo local. Nuestra MISI\u00d3N es garantizar [&hellip;]\" \/>\n<meta property=\"og:url\" content=\"https:\/\/www.biopathocid.com\/web\/quienes-somos\/\" \/>\n<meta property=\"og:site_name\" content=\"Biopathocid - Laboratorio de anatom\u00eda patol\u00f3gica en Murcia\" \/>\n<meta property=\"article:modified_time\" content=\"2021-03-24T18:17:43+00:00\" \/>\n<meta name=\"twitter:card\" content=\"summary_large_image\" \/>\n<meta name=\"twitter:label1\" content=\"Tiempo de lectura\">\n\t<meta name=\"twitter:data1\" content=\"3 minutos\">\n<script type=\"application\/ld+json\" class=\"yoast-schema-graph\">{\"@context\":\"https:\/\/schema.org\",\"@graph\":[{\"@type\":\"WebSite\",\"@id\":\"https:\/\/www.biopathocid.com\/web\/#website\",\"url\":\"https:\/\/www.biopathocid.com\/web\/\",\"name\":\"Biopathocid - Laboratorio de anatom\\u00eda patol\\u00f3gica en Murcia\",\"description\":\"Biopathocid - Laboratorio de anatom\\u00eda patol\\u00f3gica en Murcia\",\"potentialAction\":[{\"@type\":\"SearchAction\",\"target\":\"https:\/\/www.biopathocid.com\/web\/?s={search_term_string}\",\"query-input\":\"required name=search_term_string\"}],\"inLanguage\":\"es\"},{\"@type\":\"WebPage\",\"@id\":\"https:\/\/www.biopathocid.com\/web\/quienes-somos\/#webpage\",\"url\":\"https:\/\/www.biopathocid.com\/web\/quienes-somos\/\",\"name\":\"Quienes somos - Biopathocid - Laboratorio de anatom\\u00eda patol\\u00f3gica en Murcia\",\"isPartOf\":{\"@id\":\"https:\/\/www.biopathocid.com\/web\/#website\"},\"datePublished\":\"2021-03-18T11:26:40+00:00\",\"dateModified\":\"2021-03-24T18:17:43+00:00\",\"breadcrumb\":{\"@id\":\"https:\/\/www.biopathocid.com\/web\/quienes-somos\/#breadcrumb\"},\"inLanguage\":\"es\",\"potentialAction\":[{\"@type\":\"ReadAction\",\"target\":[\"https:\/\/www.biopathocid.com\/web\/quienes-somos\/\"]}]},{\"@type\":\"BreadcrumbList\",\"@id\":\"https:\/\/www.biopathocid.com\/web\/quienes-somos\/#breadcrumb\",\"itemListElement\":[{\"@type\":\"ListItem\",\"position\":1,\"item\":{\"@type\":\"WebPage\",\"@id\":\"https:\/\/www.biopathocid.com\/web\/\",\"url\":\"https:\/\/www.biopathocid.com\/web\/\",\"name\":\"Portada\"}},{\"@type\":\"ListItem\",\"position\":2,\"item\":{\"@id\":\"https:\/\/www.biopathocid.com\/web\/quienes-somos\/#webpage\"}}]}]}<\/script>\n<!-- \/ Yoast SEO plugin. -->","_links":{"self":[{"href":"https:\/\/www.biopathocid.com\/web\/wp-json\/wp\/v2\/pages\/6","targetHints":{"allow":["GET"]}}],"collection":[{"href":"https:\/\/www.biopathocid.com\/web\/wp-json\/wp\/v2\/pages"}],"about":[{"href":"https:\/\/www.biopathocid.com\/web\/wp-json\/wp\/v2\/types\/page"}],"author":[{"embeddable":true,"href":"https:\/\/www.biopathocid.com\/web\/wp-json\/wp\/v2\/users\/1"}],"replies":[{"embeddable":true,"href":"https:\/\/www.biopathocid.com\/web\/wp-json\/wp\/v2\/comments?post=6"}],"version-history":[{"count":6,"href":"https:\/\/www.biopathocid.com\/web\/wp-json\/wp\/v2\/pages\/6\/revisions"}],"predecessor-version":[{"id":101,"href":"https:\/\/www.biopathocid.com\/web\/wp-json\/wp\/v2\/pages\/6\/revisions\/101"}],"wp:attachment":[{"href":"https:\/\/www.biopathocid.com\/web\/wp-json\/wp\/v2\/media?parent=6"}],"curies":[{"name":"wp","href":"https:\/\/api.w.org\/{rel}","templated":true}]}}