{"id":3,"date":"2021-03-17T12:28:02","date_gmt":"2021-03-17T12:28:02","guid":{"rendered":"https:\/\/www.biopathocid.com\/web\/?page_id=3"},"modified":"2021-03-18T12:22:00","modified_gmt":"2021-03-18T12:22:00","slug":"politica-privacidad","status":"publish","type":"page","link":"https:\/\/www.biopathocid.com\/web\/politica-privacidad\/","title":{"rendered":"Pol\u00edtica de privacidad"},"content":{"rendered":"\r\n<p><b>AVISO LEGAL Y POLITICA DE COOKIES \u2013\u00a0BIOPATHOCID S.L.<\/b><\/p>\r\n<p>La utilizaci\u00f3n de este sitio web est\u00e1 sujeta a las siguientes condiciones de uso. Le rogamos que las lea atentamente. El hecho de acceder a este sitio web y utilizar los materiales contenidos en ella implica que usted ha le\u00eddo y acepta, sin reserva alguna, estas condiciones<\/p>\r\n<p>En alg\u00fan caso, la utilizaci\u00f3n de alguno de los espacios o servicios contenidos en este sitio web puede estar sujeta a condiciones particulares de utilizaci\u00f3n.<\/p>\r\n<h2 class=\"wp-block-heading\">\u00a0<\/h2>\r\n<p><b>1.- CONDICIONES DE USO<\/b><\/p>\r\n<p>1.1 Este sitio web contiene materiales preparados por\u00a0BIOPATHOCID S.L. \u2013 con CIF B73836066, con fines \u00fanicamente informativos. Nuestra actividad principal es: actuar como laboratorio anatom\u00eda patologica para entidades sanitarias p\u00fablicas, privadas, as\u00ed como para particulares.<\/p>\r\n<p>El usuario debe tener en cuenta que la informaci\u00f3n que aparece\u00a0en la web, pudiera no reflejar el estado actual de la empresa. Asimismo, estos materiales pueden ser modificados, desarrollados o actualizados sin notificaci\u00f3n previa.<\/p>\r\n<h2>\u00a0<\/h2>\r\n<p>1.2 Los materiales contenidos en este sitio web no pueden ser considerados, en ning\u00fan caso, como sustitutivos de los acuerdos\u00a0concretos econ\u00f3micos, sobre prestaci\u00f3n de servicios, etc., suscritos entre cliente-proveedor. El acceso a nuestros materiales web\u00a0no pretende constituir ni implica relaci\u00f3n alguna entre proveedor y cliente, salvo en el caso de compras o contrataciones online.\u00a0<\/p>\r\n<p>Por ello, el usuario no debe actuar sobre la base de la informaci\u00f3n contenida en la web,\u00a0ni\u00a0debe enviar a\u00a0BIOPATHOCID S.L. ning\u00fan tipo de informaci\u00f3n confidencial, sin cerrar la contrataci\u00f3n de los servicios ofrecidos en la misma con la empresa. En cualquier caso, BIOPATHOCID S.L. no se hace responsable de aquella informaci\u00f3n especialmente protegida que pueda trasladar a trav\u00e9s de los medios disponibles de esta web, cuando \u00e9sta\u00a0no haya sido solicitada por escrito para el ejercicio de nuestros servicios virtuales.<\/p>\r\n<h2>\u00a0<\/h2>\r\n<p>1.3 Los enlaces o links que contiene este sitio web pueden conducir al usuario a otros sitios y p\u00e1ginas web gestionados por terceros, sobre las que\u00a0BIOPATHOCID S.L. no ejerce ning\u00fan tipo de control.\u00a0BIOPATHOCID S.L. no responde ni de los contenidos ni del estado de dichos sitios, o p\u00e1ginas web, y el acceso a las mismas a trav\u00e9s de este sitio web tampoco implica que\u00a0BIOPATHOCID S.L. recomiende o apruebe sus contenidos.<\/p>\r\n<h2>\u00a0<\/h2>\r\n<p>1.4. Los usuarios internos del entorno web privado han de ser autorizados por la entidad que ha contratado los servicios a BIOPATHOCID S.L. y al acceder al \u00e1rea de trabajo obligatoriamente habr\u00e1n de firmar el consentimiento al tratamiento de sus datos por la web, las condiciones de uso del mismo, y las normas de confidencialidad sobre los datos tratados.<\/p>\r\n<h2>\u00a0<\/h2>\r\n<p><b>2.- LIMITACI\u00d3N DE RESPONSABILIDAD<\/b><\/p>\r\n<p>2.1 Quien utiliza este sitio web, lo hace por su propia cuenta y riesgo. BIOPATHOCID S.L., sus socios, colaboradores, empleados y representantes no se responsabilizan de los errores u omisiones de los que pudieran adolecer los contenidos este sitio web u otros contenidos a los que se pueda acceder a trav\u00e9s de la misma.\u00a0BIOPATHOCID S.L.\u00a0Sus socios, colaboradores, empleados y representantes tampoco podr\u00e1n ser considerados responsables por cualesquiera da\u00f1os derivados de la utilizaci\u00f3n de este sitio web, ni por cualquier actuaci\u00f3n realizada sobre la base de la informaci\u00f3n que en ella se facilita.<\/p>\r\n<h2>\u00a0<\/h2>\r\n<p>2.2 BIOPATHOCID S.L. no garantiza la ausencia de virus u otros elementos lesivos que pudieran causar da\u00f1os o alteraciones en el sistema inform\u00e1tico, en los documentos electr\u00f3nicos o en los ficheros del usuario de este sitio web. En consecuencia, BIOPATHOCID S.L. no responde por los da\u00f1os y perjuicios que tales elementos pudieran ocasionar al usuario o a terceros.<\/p>\r\n<p><b>\u00a0<\/b><\/p>\r\n<p><b>3.- DERECHOS DE PROPIEDAD INTELECTUAL<\/b><\/p>\r\n<p>\u00a9BIOPATHOCID S.L. Tiene todos los derechos reservados.<\/p>\r\n<p>3.1 La totalidad del contenido de este sitio web, ya sean textos, im\u00e1genes, sonido, ficheros, marcas, logotipos, combinaciones de colores, o cualquier otro elemento, su estructura y dise\u00f1o, la selecci\u00f3n y forma de presentaci\u00f3n de los materiales incluidos en la misma, y los programas de ordenador necesarios para su funcionamiento, acceso y utilizaci\u00f3n, est\u00e1n protegidos por derechos de propiedad industrial e intelectual, titularidad de\u00a0BIOPATHOCID S.L. o, en su caso, de sus licenciantes, que el usuario de este sitio web debe respetar.<\/p>\r\n<h2>\u00a0<\/h2>\r\n<p>3.2 En particular, pero sin limitar la generalidad de la obligaci\u00f3n del usuario expresada en el p\u00e1rrafo anterior, quedan prohibidas la reproducci\u00f3n, excepto para uso privado, la transformaci\u00f3n, distribuci\u00f3n, comunicaci\u00f3n p\u00fablica, puesta a disposici\u00f3n del p\u00fablico y en general cualquier otra forma de explotaci\u00f3n, por cualquier procedimiento, de todo o parte de los contenidos de este sitio web, as\u00ed como de su dise\u00f1o y la selecci\u00f3n y forma de presentaci\u00f3n de los materiales incluidos en la misma. Estos actos de explotaci\u00f3n s\u00f3lo podr\u00e1n ser realizados si media la autorizaci\u00f3n expresa de\u00a0BIOPATHOCID S.L. y siempre que se haga referencia expl\u00edcita a la titularidad de BIOPATHOCID S.L. de los indicados derechos de propiedad intelectual.<\/p>\r\n<h2>\u00a0<\/h2>\r\n<p>3.3 Queda asimismo prohibido descompilar, desensamblar, realizar ingenier\u00eda inversa, transmitir de cualquier modo, traducir o realizar obras derivadas de los programas de ordenador necesarios para el funcionamiento, acceso y utilizaci\u00f3n de este sitio web y de los servicios en ella contenidos, as\u00ed como realizar, respecto a todo o parte de tales programas, cualesquiera de los actos de explotaci\u00f3n referidos en el p\u00e1rrafo anterior. El usuario del sitio web deber\u00e1 abstenerse en todo caso de suprimir, alterar, eludir o manipular cualquier dispositivo de protecci\u00f3n o sistemas de seguridad que puedan estar instalados en la misma.<\/p>\r\n<h2>\u00a0<\/h2>\r\n<p><b>4.- PROTECCI\u00d3N DE DATOS<\/b><\/p>\r\n<h2>\u00a0<\/h2>\r\n<p>4.1 La informaci\u00f3n que recibe\u00a0BIOPATHOCID S.L. de los usuarios de este sitio web, a trav\u00e9s de las consultas online o del env\u00edo de formularios curriculares, es tratada con la m\u00e1xima confidencialidad. En el caso de las consultas online y compras online esta informaci\u00f3n es utilizada exclusivamente para gestionar a la venta solicitada; y en el supuesto de la remisi\u00f3n de formularios curriculares, para posibles selecciones de candidatos a empleo, se considera consentimiento expreso del uso para tal fin el propio env\u00edo de dicha informaci\u00f3n.\u00a0En el formulario de acceso existe la posibilidad\u00a0de aceptar y poder recibir informaci\u00f3n de su inter\u00e9s relacionada con nuestros servicios. En cualquier momento puede usted oponerse a ello, aunque inicialmente haya dado su consentimiento a trav\u00e9s del contacto en el mismo formulario, en nuestra direcci\u00f3n, o bien, a trav\u00e9s de nuestro Delegado de Protecci\u00f3n de Datos, ante quien hay que indicar claramente sobre quien se desea ejercer los derechos, en este caso:\u00a0BIOPATHOCID S.L.<\/p>\r\n<p>No se ceden datos a terceros, salvo obligaci\u00f3n legal, exceptuando la transmisi\u00f3n necesaria con entidades bancarias para la gesti\u00f3n del cobro de los servicios. La informaci\u00f3n recibida no es utilizada para ning\u00fan otro fin. La informaci\u00f3n se conservar\u00e1 tras su \u00faltima utilizaci\u00f3n un a\u00f1o previo a su bloqueo o solicitud de cancelaci\u00f3n por parte del titular.<\/p>\r\n<h2><br \/><br \/><\/h2>\r\n<p>4.2.\u00a0<b>POL\u00cdTICA\u00a0DE COOKIES.\u00a0<\/b>BIOPATHOCID S.L.\u00a0se reserva el derecho de utilizaci\u00f3n de las denominadas \u00abcookies\u00bb, en cualquier tipo de utilizaci\u00f3n del Portal.<\/p>\r\n<p>Cookie es un fichero que se descarga en su ordenador al acceder a determinadas p\u00e1ginas web. Las cookies permiten a una p\u00e1gina web, entre otras cosas, almacenar y recuperar informaci\u00f3n sobre los h\u00e1bitos de navegaci\u00f3n de un usuario o de su equipo y, dependiendo de la informaci\u00f3n que contengan y de la forma en que utilice su equipo, pueden utilizarse para reconocer al usuario El navegador del usuario memoriza cookies en el disco duro solamente durante la sesi\u00f3n actual ocupando un espacio de memoria m\u00ednimo y no perjudicando al ordenador. Las cookies no contienen ninguna clase de informaci\u00f3n personal espec\u00edfica, y la mayor\u00eda de las mismas se borran del disco duro al finalizar la sesi\u00f3n de navegador (las denominadas cookies de sesi\u00f3n). No obstante, puede dar a reconocer la siguiente informaci\u00f3n a la web.<\/p>\r\n<p>-La fecha y la hora de la \u00faltima vez que el usuario visit\u00f3 nuestro Web.<br \/>-El dise\u00f1o de contenidos que el usuario escogi\u00f3 en su primera vista a nuestro Web.<br \/>-Elementos de seguridad que intervienen en el control de acceso a las \u00e1reas restringidas.<br \/>-No obstante, se informa a los Usuarios de la posibilidad de desechar esa utilizaci\u00f3n en su terminal inform\u00e1tico. A trav\u00e9s de estas \u00abcookies\u00bb el resto de usuarios una vez estas registrado pueden ver si est\u00e1s o no conectado y de este modo contactar contigo con mayor fluidez y rapidez.<\/p>\r\n<p>La mayor\u00eda de los navegadores aceptan como est\u00e1ndar a las cookies y, con independencia de las mismas, permiten o impiden en los ajustes de seguridad las cookies temporales o memorizadas.<\/p>\r\n<p>Sin su expreso consentimiento \u2013mediante la activaci\u00f3n de las cookies en su navegador\u2013BIOPATHOCID S.L. no enlazar\u00e1 en las cookies los datos memorizados con sus datos personales proporcionados en el momento del registro o la compra.<\/p>\r\n<h2>\u00a0<\/h2>\r\n<p>4.2.1.\u00a0<b>\u00bfQUE COOKIES USAMOS?\u00a0<\/b><\/p>\r\n<h2>\u00a0<\/h2>\r\n<p><b>\u2013\u00a0<\/b><b>Cookies<\/b><b>\u00a0t\u00e9cnicas:<\/b><\/p>\r\n<p>Son aqu\u00e9llas que permiten al usuario la navegaci\u00f3n a trav\u00e9s de una p\u00e1gina web, plataforma o aplicaci\u00f3n y la utilizaci\u00f3n de las diferentes opciones o servicios que en ella existan como, por ejemplo, controlar el tr\u00e1fico y la comunicaci\u00f3n de datos, identificar la sesi\u00f3n, acceder a partes de acceso restringido, recordar los elementos que integran un pedido, realizar el proceso de compra de un pedido, realizar la solicitud de inscripci\u00f3n o participaci\u00f3n en un evento, utilizar elementos de seguridad durante la navegaci\u00f3n, almacenar contenidos para la difusi\u00f3n de v\u00eddeos o sonido o compartir contenidos a trav\u00e9s de redes sociales.<\/p>\r\n<h2>\u00a0<\/h2>\r\n<p>\u00a0<b>\u2013\u00a0<\/b><b>Cookies<\/b><b>\u00a0de personalizaci\u00f3n:<\/b><\/p>\r\n<p>Son aqu\u00e9llas que permiten al usuario acceder al servicio con algunas caracter\u00edsticas de car\u00e1cter general predefinidas en funci\u00f3n de una serie de criterios en el terminal del usuario como por ejemplo serian el idioma, el tipo de navegador a trav\u00e9s del cual accede al servicio, la configuraci\u00f3n regional desde donde accede al servicio, etc.<\/p>\r\n<h2>\u00a0<\/h2>\r\n<p><b>\u2013\u00a0<\/b><b>Cookies<\/b><b>\u00a0de an\u00e1lisis:<\/b><\/p>\r\n<p>\u00a0Son aqu\u00e9llas que bien tratadas por nosotros o por terceros, nos permiten cuantificar el n\u00famero de usuarios y as\u00ed realizar la medici\u00f3n y an\u00e1lisis estad\u00edstico de la utilizaci\u00f3n que hacen los usuarios del servicio ofertado. Para ello se analiza su navegaci\u00f3n en nuestra p\u00e1gina web con el fin de mejorar la oferta de productos o servicios que le ofrecemos.<\/p>\r\n<h2>\u00a0<\/h2>\r\n<p><b>\u2013\u00a0<\/b><b>Cookies<\/b><b>\u00a0publicitarias:<\/b><\/p>\r\n<p>Son aqu\u00e9llas que, bien tratadas por nosotros o por terceros, nos permiten gestionar de la forma m\u00e1s eficaz posible la oferta de los espacios publicitarios que hay en la p\u00e1gina web, adecuando el contenido del anuncio al contenido del servicio solicitado o al uso que realice de nuestra p\u00e1gina web. Para ello podemos analizar sus h\u00e1bitos de navegaci\u00f3n en Internet y podemos mostrarle publicidad relacionada con su perfil de navegaci\u00f3n.<\/p>\r\n<h2>\u00a0<\/h2>\r\n<p><b>\u2013\u00a0<\/b><b>Cookies<\/b><b>\u00a0de publicidad\u00a0<\/b><b>comportamental<\/b><b>:<\/b><\/p>\r\n<p>Son aqu\u00e9llas que permiten la gesti\u00f3n, de la forma m\u00e1s eficaz posible, de los espacios publicitarios que, en su caso, el editor haya incluido en una p\u00e1gina web, aplicaci\u00f3n o plataforma desde la que presta el servicio solicitado. Estas cookies almacenan informaci\u00f3n del comportamiento de los usuarios obtenida a trav\u00e9s de la observaci\u00f3n continuada de sus h\u00e1bitos de navegaci\u00f3n, lo que permite desarrollar un perfil espec\u00edfico para mostrar publicidad en funci\u00f3n del mismo.<\/p>\r\n<h2>\u00a0<\/h2>\r\n<p><b>Cookies<\/b><b>\u00a0de terceros:<\/b><\/p>\r\n<p>La Web de\u00a0BIOPATHOCID S.L. puede utilizar\u00a0servicios de terceros que, por cuenta de\u00a0BIOPATHOCID S.L., recopilaran informaci\u00f3n con fines estad\u00edsticos, de uso del Site por parte del usuario y para la prestaci\u00f3n de otros servicios relacionados con la actividad del Website y otros servicios de Internet.<\/p>\r\n<h2>\u00a0<\/h2>\r\n<p><b>Google<\/b>\u00a0<b>Analytics<\/b><\/p>\r\n<p>En particular, este sitio Web utiliza\u00a0<b>Google Analytics<\/b>, un servicio anal\u00edtico de web prestado por Google, Inc. con domicilio en los Estados Unidos con sede central en 1600 Amphitheatre Parkway, Mountain View, California 94043. Para la prestaci\u00f3n de estos servicios, estos\u00a0utilizan cookies que recopilan la informaci\u00f3n, incluida la direcci\u00f3n IP del usuario, que ser\u00e1\u00a0transmitida, tratada y almacenada por\u00a0Google\u00a0en los t\u00e9rminos fijados en la Web Google.com. Incluyendo la posible\u00a0transmisi\u00f3n de dicha informaci\u00f3n a terceros por razones de exigencia legal o cuando dichos terceros\u00a0procesen la informaci\u00f3n por cuenta de Google.<\/p>\r\n<p>El Usuario acepta expresamente, por la utilizaci\u00f3n de este Site,\u00a0el tratamiento de la informaci\u00f3n\u00a0recabada en la forma y con los fines anteriormente mencionados. Y asimismo reconoce conocer la posibilidad de rechazar el tratamiento de\u00a0tales datos o informaci\u00f3n\u00a0rechazando el uso de Cookies mediante la selecci\u00f3n de la configuraci\u00f3n apropiada a tal fin en su navegador. Si bien esta opci\u00f3n de bloqueo de Cookies en su navegador puede no permitirle el uso pleno de todas las funcionalidades del Website.<\/p>\r\n<h2><br \/><br \/><\/h2>\r\n<p>4.2.2.\u00a0<b>\u00bfCOMO PUEDE BLOQUEAR LA INSTALACI\u00d3N DE COOKIES?\u00a0<\/b><\/p>\r\n<p><b>Puede usted permitir, bloquear o eliminar las cookies instaladas en su equipo mediante la configuraci\u00f3n de las opciones del navegador instalado en su ordenador:<\/b><\/p>\r\n<p><a href=\"https:\/\/web.archive.org\/web\/20200922052922\/http:\/\/support.google.com\/chrome\/bin\/answer.py?hl=es&amp;answer=95647\"><b>Chrome<\/b><\/a><b>,\u00a0<\/b><a href=\"https:\/\/web.archive.org\/web\/20200922052922\/http:\/\/windows.microsoft.com\/es-es\/windows7\/how-to-manage-cookies-in-internet-explorer-9\"><b>Explorer<\/b><\/a><b>,\u00a0<\/b><a href=\"https:\/\/web.archive.org\/web\/20200922052922\/http:\/\/support.mozilla.org\/es\/kb\/habilitar-y-deshabilitar-cookies-que-los-sitios-we\"><b>Firefox<\/b><\/a><b>,\u00a0<\/b><a href=\"https:\/\/web.archive.org\/web\/20200922052922\/http:\/\/support.apple.com\/kb\/ph5042\"><b>Safari<\/b><\/a><\/p>\r\n<p><b>Si tiene dudas sobre esta pol\u00edtica de cookies, puede contactar con\u00a0BIOPATHOCID S.L. en el formulario de contacto de la web<\/b>.<\/p>\r\n<p>Recomendamos configurar o realizar limpieza de datos de navegaci\u00f3n peri\u00f3dicamente, con ello borrar\u00e1 entre otras cosas, cookies anteriores y podr\u00e1 navegar m\u00e1s r\u00e1pidamente.<\/p>\r\n<h2><br \/><br \/><\/h2>\r\n<p>4.3\u00a0<b>CONTRATACION DE SERVICIOS ONLINE.<\/b>\u00a0Algunos de los servicios incluidos en este sitio web, en particular,\u00a0exigen la recogida de datos personales. Para la prestaci\u00f3n de estos servicios,\u00a0BIOPATHOCID S.L. precisa recabar del usuario determinados datos que se consideran imprescindibles, incluyendo m\u00e9todos de pago. Durante el proceso de recogida de los datos, el usuario ser\u00e1 informado del car\u00e1cter necesario de los mismos. Si no se facilitan estos datos obligatorios, no ser\u00e1 posible la prestaci\u00f3n de tales servicios. BIOPATHOCID S.L. dispone de la seguridad imprescindible para la gesti\u00f3n confidencial de los datos comunicados. BIOPATHOCID S.L. se compromete al uso espec\u00edfico de los mismos \u00fanicamente para la transacci\u00f3n para la cual los ha facilitado.\u00a0<\/p>\r\n<h2>\u00a0<\/h2>\r\n<p>4.4 En relaci\u00f3n con los datos recabados en la forma prevista en los apartados anteriores, el usuario podr\u00e1 ejercitar los derechos reconocidos por la ley y, en particular, los derechos de acceso, rectificaci\u00f3n o cancelaci\u00f3n de datos y oposici\u00f3n, si resultase pertinente, as\u00ed como el derecho de revocar el consentimiento prestado para la cesi\u00f3n de sus datos, cuando \u00e9stas se den. Tales derechos podr\u00e1n ser ejercitados por el usuario o, en su caso, por quien lo represente, mediante solicitud escrita y firmada, dirigida a la siguiente direcci\u00f3n:\u00a0BIOPATHOCID S.L. AVDA. GOLF, N\u00ba5, 1\u00ba-H 30506, ALTORREAL \u2013 MOLINA DE SEGURA (MURCIA) \u00a0\u2013 o a nuestro Delegado de Protecci\u00f3n de Datos\u00a0<a href=\"https:\/\/web.archive.org\/web\/20200922052922\/mailto:protecciondedatos@totaldata.es\">protecciondedatos@totaldata.es<\/a>\u00a0indicando claramente que desea solicitar sus derechos sobre BIOPATHOCID S.L..\u00a0 La solicitud deber\u00e1 contener los siguientes datos: nombre y apellidos del usuario, domicilio a efectos de notificaciones, fotocopia del Documento Nacional de Identidad o pasaporte, y contenido concreto del derecho ejercitado. O bien rellenar el formulario espec\u00edfico vinculado, debidamente cumplimentado\u00a0(ENLACE FORMULARIO DE\u00a0EJERCICIO DE DERECHOS\u00a0ARCOP)<\/p>\r\n<h2>\u00a0<\/h2>\r\n<p>4.5 BIOPATHOCID S.L. guardar\u00e1 los datos de car\u00e1cter personal que haya recabado, y adoptar\u00e1 las medidas necesarias para evitar su alteraci\u00f3n, p\u00e9rdida, tratamiento o acceso no autorizados.\u00a0BIOPATHOCID S.L. cumplir\u00e1 estos deberes de acuerdo con lo establecido por la normativa aplicable.<\/p>\r\n<h2>\u00a0<\/h2>\r\n<ol start=\"5\">\r\n<li><b>OBLIGACIONES DEL USUARIO<\/b><\/li>\r\n<\/ol>\r\n<p>El Usuario garantiza que la informaci\u00f3n, material, contenidos u observaciones que no sean sus propios datos personales y que sean facilitados a\u00a0BIOPATHOCID S.L. a trav\u00e9s del Portal, no infringen los Derechos de Propiedad Intelectual o Industrial de terceros, ni ninguna otra disposici\u00f3n legal.<\/p>\r\n<p>&nbsp;<\/p>\r\n<ol start=\"6\">\r\n<li><b>MENORES DE EDAD.\u00a0<\/b><\/li>\r\n<\/ol>\r\n<p>Esta web no contiene informaci\u00f3n sensible que no sea aconsejable para el acceso y uso de\u00a0los menores de edad.\u00a0\u00a0<\/p>\r\n<p>BIOPATHOCID S.L. recuerda a los usuarios mayores de edad que tengan a su cargo menores que ser\u00e1 de su exclusiva responsabilidad determinar qu\u00e9 servicios y\/o contenidos son o no apropiados para la edad de estos \u00faltimos.<\/p>\r\n<p>BIOPATHOCID S.L. les informa que existen programas inform\u00e1ticos que permiten filtrar y bloquear el acceso a determina dos contenidos y servicios, de tal forma que los padres, por ejemplo, pueden decidir cu\u00e1les son los contenidos y servicios del Portal a los que sus hijos pueden tener acceso y cu\u00e1les no.<\/p>\r\n<h2>\u00a0<\/h2>\r\n<ol start=\"7\">\r\n<li><b>FUERO.<\/b><\/li>\r\n<\/ol>\r\n<p>Las presentes condiciones est\u00e1n redactadas en espa\u00f1ol, y se encuentran sometidas a la legislaci\u00f3n espa\u00f1ola vigente. Para cualquier tipo de controversia derivada de la utilizaci\u00f3n de los servicios ofrecidos, contenidos propios del portal, as\u00ed como de la interrupci\u00f3n o ejecuci\u00f3n de las presentes condiciones, las partes se someten expresamente a la jurisdicci\u00f3n y competencia de los tribunales con potestad en la localidad de cumplimiento de la obligaci\u00f3n de BIOPATHOCID S.L.<\/p>\r\n","protected":false},"excerpt":{"rendered":"<p>AVISO LEGAL Y POLITICA DE COOKIES \u2013\u00a0BIOPATHOCID S.L. La utilizaci\u00f3n de este sitio web est\u00e1 sujeta a las siguientes condiciones de uso. Le rogamos que las lea atentamente. El hecho de acceder a este sitio web y utilizar los materiales contenidos en ella implica que usted ha le\u00eddo y acepta, sin reserva alguna, estas condiciones [&hellip;]<\/p>\n","protected":false},"author":1,"featured_media":0,"parent":0,"menu_order":0,"comment_status":"closed","ping_status":"closed","template":"","meta":{"footnotes":""},"class_list":["post-3","page","type-page","status-publish","hentry"],"yoast_head":"<!-- This site is optimized with the Yoast SEO plugin v16.2 - https:\/\/yoast.com\/wordpress\/plugins\/seo\/ -->\n<title>Pol\u00edtica de privacidad - Biopathocid - Laboratorio de anatom\u00eda patol\u00f3gica en Murcia<\/title>\n<meta name=\"robots\" content=\"index, follow, max-snippet:-1, max-image-preview:large, max-video-preview:-1\" \/>\n<link rel=\"canonical\" href=\"https:\/\/www.biopathocid.com\/web\/politica-privacidad\/\" \/>\n<meta property=\"og:locale\" content=\"es_ES\" \/>\n<meta property=\"og:type\" content=\"article\" \/>\n<meta property=\"og:title\" content=\"Pol\u00edtica de privacidad - Biopathocid - Laboratorio de anatom\u00eda patol\u00f3gica en Murcia\" \/>\n<meta property=\"og:description\" content=\"AVISO LEGAL Y POLITICA DE COOKIES \u2013\u00a0BIOPATHOCID S.L. La utilizaci\u00f3n de este sitio web est\u00e1 sujeta a las siguientes condiciones de uso. Le rogamos que las lea atentamente. El hecho de acceder a este sitio web y utilizar los materiales contenidos en ella implica que usted ha le\u00eddo y acepta, sin reserva alguna, estas condiciones [&hellip;]\" \/>\n<meta property=\"og:url\" content=\"https:\/\/www.biopathocid.com\/web\/politica-privacidad\/\" \/>\n<meta property=\"og:site_name\" content=\"Biopathocid - Laboratorio de anatom\u00eda patol\u00f3gica en Murcia\" \/>\n<meta property=\"article:modified_time\" content=\"2021-03-18T12:22:00+00:00\" \/>\n<meta name=\"twitter:card\" content=\"summary_large_image\" \/>\n<meta name=\"twitter:label1\" content=\"Tiempo de lectura\">\n\t<meta name=\"twitter:data1\" content=\"12 minutos\">\n<script type=\"application\/ld+json\" class=\"yoast-schema-graph\">{\"@context\":\"https:\/\/schema.org\",\"@graph\":[{\"@type\":\"WebSite\",\"@id\":\"https:\/\/www.biopathocid.com\/web\/#website\",\"url\":\"https:\/\/www.biopathocid.com\/web\/\",\"name\":\"Biopathocid - Laboratorio de anatom\\u00eda patol\\u00f3gica en Murcia\",\"description\":\"Biopathocid - Laboratorio de anatom\\u00eda patol\\u00f3gica en Murcia\",\"potentialAction\":[{\"@type\":\"SearchAction\",\"target\":\"https:\/\/www.biopathocid.com\/web\/?s={search_term_string}\",\"query-input\":\"required name=search_term_string\"}],\"inLanguage\":\"es\"},{\"@type\":\"WebPage\",\"@id\":\"https:\/\/www.biopathocid.com\/web\/politica-privacidad\/#webpage\",\"url\":\"https:\/\/www.biopathocid.com\/web\/politica-privacidad\/\",\"name\":\"Pol\\u00edtica de privacidad - Biopathocid - Laboratorio de anatom\\u00eda patol\\u00f3gica en Murcia\",\"isPartOf\":{\"@id\":\"https:\/\/www.biopathocid.com\/web\/#website\"},\"datePublished\":\"2021-03-17T12:28:02+00:00\",\"dateModified\":\"2021-03-18T12:22:00+00:00\",\"breadcrumb\":{\"@id\":\"https:\/\/www.biopathocid.com\/web\/politica-privacidad\/#breadcrumb\"},\"inLanguage\":\"es\",\"potentialAction\":[{\"@type\":\"ReadAction\",\"target\":[\"https:\/\/www.biopathocid.com\/web\/politica-privacidad\/\"]}]},{\"@type\":\"BreadcrumbList\",\"@id\":\"https:\/\/www.biopathocid.com\/web\/politica-privacidad\/#breadcrumb\",\"itemListElement\":[{\"@type\":\"ListItem\",\"position\":1,\"item\":{\"@type\":\"WebPage\",\"@id\":\"https:\/\/www.biopathocid.com\/web\/\",\"url\":\"https:\/\/www.biopathocid.com\/web\/\",\"name\":\"Portada\"}},{\"@type\":\"ListItem\",\"position\":2,\"item\":{\"@id\":\"https:\/\/www.biopathocid.com\/web\/politica-privacidad\/#webpage\"}}]}]}<\/script>\n<!-- \/ Yoast SEO plugin. -->","_links":{"self":[{"href":"https:\/\/www.biopathocid.com\/web\/wp-json\/wp\/v2\/pages\/3","targetHints":{"allow":["GET"]}}],"collection":[{"href":"https:\/\/www.biopathocid.com\/web\/wp-json\/wp\/v2\/pages"}],"about":[{"href":"https:\/\/www.biopathocid.com\/web\/wp-json\/wp\/v2\/types\/page"}],"author":[{"embeddable":true,"href":"https:\/\/www.biopathocid.com\/web\/wp-json\/wp\/v2\/users\/1"}],"replies":[{"embeddable":true,"href":"https:\/\/www.biopathocid.com\/web\/wp-json\/wp\/v2\/comments?post=3"}],"version-history":[{"count":2,"href":"https:\/\/www.biopathocid.com\/web\/wp-json\/wp\/v2\/pages\/3\/revisions"}],"predecessor-version":[{"id":34,"href":"https:\/\/www.biopathocid.com\/web\/wp-json\/wp\/v2\/pages\/3\/revisions\/34"}],"wp:attachment":[{"href":"https:\/\/www.biopathocid.com\/web\/wp-json\/wp\/v2\/media?parent=3"}],"curies":[{"name":"wp","href":"https:\/\/api.w.org\/{rel}","templated":true}]}}