{"id":25,"date":"2021-03-18T11:48:43","date_gmt":"2021-03-18T11:48:43","guid":{"rendered":"https:\/\/www.biopathocid.com\/web\/?page_id=25"},"modified":"2021-03-25T12:31:01","modified_gmt":"2021-03-25T12:31:01","slug":"cartera-de-servicios-de-biopathocid-sl","status":"publish","type":"page","link":"https:\/\/www.biopathocid.com\/web\/cartera-de-servicios-de-biopathocid-sl\/","title":{"rendered":"Servicios"},"content":{"rendered":"[vc_row][vc_column][vc_single_image image=\u00bb88&#8243; img_size=\u00bbfull\u00bb][\/vc_column][\/vc_row][vc_row][vc_column][vc_column_text css=\u00bb.vc_custom_1616675460699{margin-bottom: 0px !important;}\u00bb]<strong><i>\u201cSomos especialistas en el an\u00e1lisis, estudio y diagn\u00f3stico de biopsias, piezas quir\u00fargicas y citolog\u00edas, siempre con elevada calidad diagn\u00f3stica\u201d<\/i><\/strong><\/p>\n<p>&nbsp;<\/p>\n<p><b>NUESTROS SERVICIOS<\/b>\u00a0comienzan con la recogida de las muestras\u00a0en todos nuestros centros colaboradores\u00a0en cualquier punto de la regi\u00f3n. Para ello,\u00a0disponemos de un sistema de transporte autorizado y apto conforme a la normativa UN3373, con estricto control de calidad y trazabilidad de las muestras recogidas, siempre bajo supervisi\u00f3n de personal propio de nuestro laboratorio.<\/p>\n<p><b>1.Histopatolog\u00eda<\/b>\u00a0(Diagn\u00f3stico anatomopatol\u00f3gico de muestras quir\u00fargicas (biopsias y piezas quir\u00fargicas):<\/p>\n<p>Se denomina biopsia\/pieza quir\u00fargica a la extirpaci\u00f3n de una lesi\u00f3n tisular o pieza quir\u00fargica para su posterior an\u00e1lisis, procesado y estudio en el laboratorio por parte de los pat\u00f3logos; una vez emitido el diagn\u00f3stico, se podr\u00e1 proporcionar un tratamiento adecuado.<\/p>\n<p><b>2.<\/b><b>Citolog\u00eda<\/b>\u00a0(Diagn\u00f3stico de muestras de citolog\u00eda general y ginecol\u00f3gica):<\/p>\n<p style=\"padding-left: 40px;\"><b>2.1. Citolog\u00eda exfoliativa y fluidos:\u00a0<\/b>realizamos el estudio citol\u00f3gico de screening c\u00e9rvico-vaginal, as\u00ed como el estudio de fluidos corporales (exudados nasales, de la cavidad oral, esputos, LCR, orina, etc.).<\/p>\n<p style=\"padding-left: 40px;\"><b>2.2. Obtenci\u00f3n y diagn\u00f3stico de muestras por PAAF<\/b>\u00a0<b>:\u00a0<\/b>la t\u00e9cnica de Punci\u00f3n-Aspiraci\u00f3n, m\u00e1s conocida como PAAF, es un m\u00e9todo poco invasivo, consistente en la extracci\u00f3n de c\u00e9lulas mediante aguja fina para su para su posterior estudio citol\u00f3gico. Para realizar esta prueba se requiere cita previa en nuestro laboratorio.<\/p>\n<p><b>3.HPV\/VPH<\/b><b>:\u00a0<\/b>Realizamos estudio del virus del papiloma humano (HPV\/VPH) en lesiones sospechosas c\u00e9rvico-vaginales y en otros tipos de localizaciones, con t\u00e9cnicas de PCR a tiempo real, pudiendo, de esta forma, detectar el subtipo de virus.<\/p>\n<div class=\"yj6qo ajU\"><\/div>\n<p><b>4.T\u00e9cnicas especiales:<\/b>\u00a0T\u00e9cnicas Histoqu\u00edmicas.<\/p>\n<p><b>5.Inmunohistoqu\u00edmica y Biolog\u00eda Molecular:<\/b>\u00a0Somos el \u00fanico centro privado de toda la Regi\u00f3n y regiones colindantes, que contamos con laboratorio propio de inmunohistoqu\u00edmica, completamente automatizado. Estas t\u00e9cnicas son cada vez m\u00e1s demandadas y absolutamente necesarias para la actividad diagn\u00f3stica, terap\u00e9utica y de pron\u00f3stico, aportando precisi\u00f3n a todos los diagn\u00f3sticos que as\u00ed lo necesitan. Estas t\u00e9cnicas son de gran importancia hoy d\u00eda en el diagn\u00f3stico anatomopatol\u00f3gico. En determinadas ocasiones las lesiones tumorales necesitan realizar t\u00e9cnicas de Inmunohistoqu\u00edmica y Biolog\u00eda molecular para poder apurar y poner \u201cdos apellidos\u201d a las enfermedades.<\/p>\n<p>Nuestros servicios destacan por:<\/p>\n<ul>\n<li>Amplia experiencia adquirida en nuestra especialidad.<\/li>\n<li>Cobertura en todas las especialidades de anatom\u00eda patol\u00f3gica.<\/li>\n<li>Breve tiempo de respuesta, entregando los informes a trav\u00e9s de nuestra plataforma web, en tiempo real.<\/li>\n<li>Informes consistentes y precisos.<\/li>\n<\/ul>\n<p>Un diagn\u00f3stico preciso es un tratamiento bien definido y bien direccionado.<\/p>\n<p>&nbsp;<\/p>\n<p>Trabajamos con distintas compa\u00f1\u00edas de seguros m\u00e9dicos:<\/p>\n<p>Asisa, Adeslas, Sanitas, DKV, Mapfre, Agrupaci\u00f3, Axa, Generali, Fiatc, Aegon, Antares, HNA, Divina PASTORA, Caser, Cigna, Cosalud, Allianz, Asefa, Sersanet\u2026 entre otras[\/vc_column_text][\/vc_column][\/vc_row]\n","protected":false},"excerpt":{"rendered":"<p>[vc_row][vc_column][vc_single_image image=\u00bb88&#8243; img_size=\u00bbfull\u00bb][\/vc_column][\/vc_row][vc_row][vc_column][vc_column_text css=\u00bb.vc_custom_1616675460699{margin-bottom: 0px !important;}\u00bb]\u201cSomos especialistas en el an\u00e1lisis, estudio y diagn\u00f3stico de biopsias, piezas quir\u00fargicas y citolog\u00edas, siempre con elevada calidad diagn\u00f3stica\u201d &nbsp; NUESTROS SERVICIOS\u00a0comienzan con la recogida de las muestras\u00a0en todos nuestros centros colaboradores\u00a0en cualquier punto de la regi\u00f3n. Para ello,\u00a0disponemos de un sistema de transporte autorizado y apto conforme a la [&hellip;]<\/p>\n","protected":false},"author":1,"featured_media":0,"parent":0,"menu_order":0,"comment_status":"closed","ping_status":"closed","template":"","meta":{"footnotes":""},"class_list":["post-25","page","type-page","status-publish","hentry"],"yoast_head":"<!-- This site is optimized with the Yoast SEO plugin v16.2 - https:\/\/yoast.com\/wordpress\/plugins\/seo\/ -->\n<title>Servicios - Biopathocid - Laboratorio de anatom\u00eda patol\u00f3gica en Murcia<\/title>\n<meta name=\"robots\" content=\"index, follow, max-snippet:-1, max-image-preview:large, max-video-preview:-1\" \/>\n<link rel=\"canonical\" href=\"https:\/\/www.biopathocid.com\/web\/cartera-de-servicios-de-biopathocid-sl\/\" \/>\n<meta property=\"og:locale\" content=\"es_ES\" \/>\n<meta property=\"og:type\" content=\"article\" \/>\n<meta property=\"og:title\" content=\"Servicios - Biopathocid - Laboratorio de anatom\u00eda patol\u00f3gica en Murcia\" \/>\n<meta property=\"og:description\" content=\"[vc_row][vc_column][vc_single_image image=\u00bb88&#8243; img_size=\u00bbfull\u00bb][\/vc_column][\/vc_row][vc_row][vc_column][vc_column_text css=\u00bb.vc_custom_1616675460699{margin-bottom: 0px !important;}\u00bb]\u201cSomos especialistas en el an\u00e1lisis, estudio y diagn\u00f3stico de biopsias, piezas quir\u00fargicas y citolog\u00edas, siempre con elevada calidad diagn\u00f3stica\u201d &nbsp; NUESTROS SERVICIOS\u00a0comienzan con la recogida de las muestras\u00a0en todos nuestros centros colaboradores\u00a0en cualquier punto de la regi\u00f3n. Para ello,\u00a0disponemos de un sistema de transporte autorizado y apto conforme a la [&hellip;]\" \/>\n<meta property=\"og:url\" content=\"https:\/\/www.biopathocid.com\/web\/cartera-de-servicios-de-biopathocid-sl\/\" \/>\n<meta property=\"og:site_name\" content=\"Biopathocid - Laboratorio de anatom\u00eda patol\u00f3gica en Murcia\" \/>\n<meta property=\"article:modified_time\" content=\"2021-03-25T12:31:01+00:00\" \/>\n<meta name=\"twitter:card\" content=\"summary_large_image\" \/>\n<meta name=\"twitter:label1\" content=\"Tiempo de lectura\">\n\t<meta name=\"twitter:data1\" content=\"2 minutos\">\n<script type=\"application\/ld+json\" class=\"yoast-schema-graph\">{\"@context\":\"https:\/\/schema.org\",\"@graph\":[{\"@type\":\"WebSite\",\"@id\":\"https:\/\/www.biopathocid.com\/web\/#website\",\"url\":\"https:\/\/www.biopathocid.com\/web\/\",\"name\":\"Biopathocid - Laboratorio de anatom\\u00eda patol\\u00f3gica en Murcia\",\"description\":\"Biopathocid - Laboratorio de anatom\\u00eda patol\\u00f3gica en Murcia\",\"potentialAction\":[{\"@type\":\"SearchAction\",\"target\":\"https:\/\/www.biopathocid.com\/web\/?s={search_term_string}\",\"query-input\":\"required name=search_term_string\"}],\"inLanguage\":\"es\"},{\"@type\":\"WebPage\",\"@id\":\"https:\/\/www.biopathocid.com\/web\/cartera-de-servicios-de-biopathocid-sl\/#webpage\",\"url\":\"https:\/\/www.biopathocid.com\/web\/cartera-de-servicios-de-biopathocid-sl\/\",\"name\":\"Servicios - Biopathocid - Laboratorio de anatom\\u00eda patol\\u00f3gica en Murcia\",\"isPartOf\":{\"@id\":\"https:\/\/www.biopathocid.com\/web\/#website\"},\"datePublished\":\"2021-03-18T11:48:43+00:00\",\"dateModified\":\"2021-03-25T12:31:01+00:00\",\"breadcrumb\":{\"@id\":\"https:\/\/www.biopathocid.com\/web\/cartera-de-servicios-de-biopathocid-sl\/#breadcrumb\"},\"inLanguage\":\"es\",\"potentialAction\":[{\"@type\":\"ReadAction\",\"target\":[\"https:\/\/www.biopathocid.com\/web\/cartera-de-servicios-de-biopathocid-sl\/\"]}]},{\"@type\":\"BreadcrumbList\",\"@id\":\"https:\/\/www.biopathocid.com\/web\/cartera-de-servicios-de-biopathocid-sl\/#breadcrumb\",\"itemListElement\":[{\"@type\":\"ListItem\",\"position\":1,\"item\":{\"@type\":\"WebPage\",\"@id\":\"https:\/\/www.biopathocid.com\/web\/\",\"url\":\"https:\/\/www.biopathocid.com\/web\/\",\"name\":\"Portada\"}},{\"@type\":\"ListItem\",\"position\":2,\"item\":{\"@id\":\"https:\/\/www.biopathocid.com\/web\/cartera-de-servicios-de-biopathocid-sl\/#webpage\"}}]}]}<\/script>\n<!-- \/ Yoast SEO plugin. -->","_links":{"self":[{"href":"https:\/\/www.biopathocid.com\/web\/wp-json\/wp\/v2\/pages\/25","targetHints":{"allow":["GET"]}}],"collection":[{"href":"https:\/\/www.biopathocid.com\/web\/wp-json\/wp\/v2\/pages"}],"about":[{"href":"https:\/\/www.biopathocid.com\/web\/wp-json\/wp\/v2\/types\/page"}],"author":[{"embeddable":true,"href":"https:\/\/www.biopathocid.com\/web\/wp-json\/wp\/v2\/users\/1"}],"replies":[{"embeddable":true,"href":"https:\/\/www.biopathocid.com\/web\/wp-json\/wp\/v2\/comments?post=25"}],"version-history":[{"count":9,"href":"https:\/\/www.biopathocid.com\/web\/wp-json\/wp\/v2\/pages\/25\/revisions"}],"predecessor-version":[{"id":128,"href":"https:\/\/www.biopathocid.com\/web\/wp-json\/wp\/v2\/pages\/25\/revisions\/128"}],"wp:attachment":[{"href":"https:\/\/www.biopathocid.com\/web\/wp-json\/wp\/v2\/media?parent=25"}],"curies":[{"name":"wp","href":"https:\/\/api.w.org\/{rel}","templated":true}]}}