{"id":14,"date":"2021-03-18T11:27:04","date_gmt":"2021-03-18T11:27:04","guid":{"rendered":"https:\/\/www.biopathocid.com\/web\/?page_id=14"},"modified":"2021-09-10T09:37:15","modified_gmt":"2021-09-10T09:37:15","slug":"contacto","status":"publish","type":"page","link":"https:\/\/www.biopathocid.com\/web\/contacto\/","title":{"rendered":"Contacto"},"content":{"rendered":"[vc_row][vc_column][vc_empty_space][\/vc_column][\/vc_row][vc_row][vc_column width=\u00bb1\/2&#8243;][vc_column_text css=\u00bb.vc_custom_1616071240613{margin-bottom: 0px !important;}\u00bb]\n<h4>Direcci\u00f3n<\/h4>\n<address>\n<p class=\"uk-h3 uk-text-primary\">Avda. del Golf n\u00ba 5-1\u00baH, Edif. Bulevar<\/p>\n<p class=\"uk-h3 uk-text-primary\">30506, Altorreal \u2013 Molina de Segura, Murcia<\/p>\n<\/address>\n<h4>Email:<\/h4>\n<address>\u00a0<a href=\"https:\/\/web.archive.org\/web\/20200922032802\/mailto:info@biopathocid.com\">info@biopathocid.com<\/a><\/address>\n<h4>Tel\u00e9fono:<\/h4>\n<address><a href=\"tel:968648014\">968 648 014<\/a><\/address>\n[\/vc_column_text][\/vc_column][vc_column width=\u00bb1\/2&#8243;][vc_raw_html]JTNDaWZyYW1lJTIwc3JjJTNEJTIyaHR0cHMlM0ElMkYlMkZ3d3cuZ29vZ2xlLmNvbSUyRm1hcHMlMkZlbWJlZCUzRnBiJTNEJTIxMW0xNCUyMTFtOCUyMTFtMyUyMTFkMTI1NjMuMjg4NDk5OTY0NDM4JTIxMmQtMS4xNjUwMzg5JTIxM2QzOC4wNzQ1MjM0JTIxM20yJTIxMWkxMDI0JTIxMmk3NjglMjE0ZjEzLjElMjEzbTMlMjExbTIlMjExczB4MCUyNTNBMHgzMzMwZDUwYzEwYjFhNjU1JTIxMnNCaW9wYXRob2NpZCUyNTIwU0wlMjUyMC0lMjUyMExhYm9yYXRvcmlvJTI1MjBkZSUyNTIwYW5hdG9tJTI1QzMlMjVBRGElMjUyMHBhdG9sJTI1QzMlMjVCM2dpY2ElMjUyMGVuJTI1MjBNdXJjaWElMjE1ZTAlMjEzbTIlMjExc2VzJTIxMnNlcyUyMTR2MTYxNjQxMjEwNzk2OSUyMTVtMiUyMTFzZXMlMjEyc2VzJTIyJTIwd2lkdGglM0QlMjI2MDAlMjIlMjBoZWlnaHQlM0QlMjI0NTAlMjIlMjBzdHlsZSUzRCUyMmJvcmRlciUzQTAlM0IlMjIlMjBhbGxvd2Z1bGxzY3JlZW4lM0QlMjIlMjIlMjBsb2FkaW5nJTNEJTIybGF6eSUyMiUzRSUzQyUyRmlmcmFtZSUzRQ==[\/vc_raw_html][\/vc_column][\/vc_row][vc_row disable_element=\u00bbyes\u00bb][vc_column]<div role=\"form\" class=\"wpcf7\" id=\"wpcf7-f16-o1\" lang=\"es-ES\" dir=\"ltr\">\n<div class=\"screen-reader-response\"><p role=\"status\" aria-live=\"polite\" aria-atomic=\"true\"><\/p> <ul><\/ul><\/div>\n<form action=\"\/web\/wp-json\/wp\/v2\/pages\/14#wpcf7-f16-o1\" method=\"post\" class=\"wpcf7-form init\" novalidate=\"novalidate\" data-status=\"init\">\n<div style=\"display: none;\">\n<input type=\"hidden\" name=\"_wpcf7\" value=\"16\" \/>\n<input type=\"hidden\" name=\"_wpcf7_version\" value=\"5.4.1\" \/>\n<input type=\"hidden\" name=\"_wpcf7_locale\" value=\"es_ES\" \/>\n<input type=\"hidden\" name=\"_wpcf7_unit_tag\" value=\"wpcf7-f16-o1\" \/>\n<input type=\"hidden\" name=\"_wpcf7_container_post\" value=\"0\" \/>\n<input type=\"hidden\" name=\"_wpcf7_posted_data_hash\" value=\"\" \/>\n<\/div>\n<p><label> Nombre<br \/>\n    <span class=\"wpcf7-form-control-wrap your-name\"><input type=\"text\" name=\"your-name\" value=\"\" size=\"40\" class=\"wpcf7-form-control wpcf7-text wpcf7-validates-as-required\" aria-required=\"true\" aria-invalid=\"false\" \/><\/span> <\/label><\/p>\n<p><label> Email<br \/>\n    <span class=\"wpcf7-form-control-wrap your-email\"><input type=\"email\" name=\"your-email\" value=\"\" size=\"40\" class=\"wpcf7-form-control wpcf7-text wpcf7-email wpcf7-validates-as-required wpcf7-validates-as-email\" aria-required=\"true\" aria-invalid=\"false\" \/><\/span> <\/label><\/p>\n<p><label> Tel\u00e9fono<br \/>\n    <span class=\"wpcf7-form-control-wrap your-phone\"><input type=\"text\" name=\"your-phone\" value=\"\" size=\"40\" class=\"wpcf7-form-control wpcf7-text wpcf7-validates-as-required\" aria-required=\"true\" aria-invalid=\"false\" \/><\/span> <\/label><\/p>\n<p><label> Asunto<br \/>\n    <span class=\"wpcf7-form-control-wrap your-subject\"><input type=\"text\" name=\"your-subject\" value=\"\" size=\"40\" class=\"wpcf7-form-control wpcf7-text wpcf7-validates-as-required\" aria-required=\"true\" aria-invalid=\"false\" \/><\/span> <\/label><\/p>\n<p><label> Mensaje (opcional)<br \/>\n    <span class=\"wpcf7-form-control-wrap your-message\"><textarea name=\"your-message\" cols=\"40\" rows=\"10\" class=\"wpcf7-form-control wpcf7-textarea\" aria-invalid=\"false\"><\/textarea><\/span> <\/label><br \/>\n<label><div class=\"anr_captcha_field\"><div id=\"anr_captcha_field_1\" class=\"anr_captcha_field_div\"><input type=\"hidden\" name=\"g-recaptcha-response\" value=\"\" \/><\/div><\/div><span class=\"wpcf7-form-control-wrap g-recaptcha-response\"><\/span><\/label><\/p>\n<p><input type=\"submit\" value=\"Enviar\" class=\"wpcf7-form-control wpcf7-submit\" \/><\/p>\n<div class=\"wpcf7-response-output\" aria-hidden=\"true\"><\/div><\/form><\/div>[vc_column_text css=\u00bb.vc_custom_1616412095145{margin-bottom: 0px !important;}\u00bb]<small>El responsable del tratamiento es \u2013 BIOPATHOCID S.L.<\/small><\/p>\n<p><small>Finalidad del tratamiento de datos: Gesti\u00f3n de comunicaci\u00f3n electr\u00f3nica orientada a la respuesta de consultas realizadas y prestaci\u00f3n de los servicios.<\/small><\/p>\n<p><small>Categor\u00eda de los datos necesarios para la prestaci\u00f3n del servicio: Datos de identificaci\u00f3n y comunicaci\u00f3n electr\u00f3nica. La informaci\u00f3n que nos env\u00ede con datos especialmente protegidos deber\u00eda ir codificada para garantizar acceso solo a aquellas personas con acceso a la clave, en caso contrario, no nos hacemos responsables de errores en la recepci\u00f3n.<\/small><\/p>\n<p><small>\u00bfQue nos legitima a tratar sus datos? Al enviar este formulario usted nos est\u00e1 autorizando a tratar sus datos en las condiciones indicadas.<\/small><\/p>\n<p><small>Destinatarios No se ceder\u00e1n datos a terceros, salvo obligaci\u00f3n legal. Ver pol\u00edtica de cookies.<\/small><\/p>\n<p><small>Derechos Usted tiene derecho a obtener confirmaci\u00f3n sobre si estamos tratando sus datos personales por tanto tiene derecho a acceder a sus datos personales, rectificar los datos inexactos o solicitar su supresi\u00f3n cuando los datos ya no sean necesarios.<\/small><\/p>\n<p><small>Ejercicio de derechos o m\u00e1s informaci\u00f3n: AVDA. GOLF, N\u00ba5, 1\u00baH, 30506, ALTORREAL \u2013 MOLINA DE SEGURA (MURCIA); a trav\u00e9s de este formulario o al Correo electr\u00f3nico del DPD: protecciondedatos@totaldata.es indicando el nombre de la web.<\/small>[\/vc_column_text][\/vc_column][\/vc_row]\n","protected":false},"excerpt":{"rendered":"<p>[vc_row][vc_column][vc_empty_space][\/vc_column][\/vc_row][vc_row][vc_column width=\u00bb1\/2&#8243;][vc_column_text css=\u00bb.vc_custom_1616071240613{margin-bottom: 0px !important;}\u00bb] Direcci\u00f3n Avda. del Golf n\u00ba 5-1\u00baH, Edif. Bulevar 30506, Altorreal \u2013 Molina de Segura, Murcia Email: \u00a0info@biopathocid.com Tel\u00e9fono: 968 648 014 [\/vc_column_text][\/vc_column][vc_column width=\u00bb1\/2&#8243;][vc_raw_html]JTNDaWZyYW1lJTIwc3JjJTNEJTIyaHR0cHMlM0ElMkYlMkZ3d3cuZ29vZ2xlLmNvbSUyRm1hcHMlMkZlbWJlZCUzRnBiJTNEJTIxMW0xNCUyMTFtOCUyMTFtMyUyMTFkMTI1NjMuMjg4NDk5OTY0NDM4JTIxMmQtMS4xNjUwMzg5JTIxM2QzOC4wNzQ1MjM0JTIxM20yJTIxMWkxMDI0JTIxMmk3NjglMjE0ZjEzLjElMjEzbTMlMjExbTIlMjExczB4MCUyNTNBMHgzMzMwZDUwYzEwYjFhNjU1JTIxMnNCaW9wYXRob2NpZCUyNTIwU0wlMjUyMC0lMjUyMExhYm9yYXRvcmlvJTI1MjBkZSUyNTIwYW5hdG9tJTI1QzMlMjVBRGElMjUyMHBhdG9sJTI1QzMlMjVCM2dpY2ElMjUyMGVuJTI1MjBNdXJjaWElMjE1ZTAlMjEzbTIlMjExc2VzJTIxMnNlcyUyMTR2MTYxNjQxMjEwNzk2OSUyMTVtMiUyMTFzZXMlMjEyc2VzJTIyJTIwd2lkdGglM0QlMjI2MDAlMjIlMjBoZWlnaHQlM0QlMjI0NTAlMjIlMjBzdHlsZSUzRCUyMmJvcmRlciUzQTAlM0IlMjIlMjBhbGxvd2Z1bGxzY3JlZW4lM0QlMjIlMjIlMjBsb2FkaW5nJTNEJTIybGF6eSUyMiUzRSUzQyUyRmlmcmFtZSUzRQ==[\/vc_raw_html][\/vc_column][\/vc_row][vc_row disable_element=\u00bbyes\u00bb][vc_column][vc_column_text css=\u00bb.vc_custom_1616412095145{margin-bottom: 0px !important;}\u00bb]El responsable del tratamiento es \u2013 BIOPATHOCID S.L. Finalidad del tratamiento de datos: Gesti\u00f3n de comunicaci\u00f3n electr\u00f3nica orientada a la respuesta de consultas realizadas [&hellip;]<\/p>\n","protected":false},"author":1,"featured_media":0,"parent":0,"menu_order":0,"comment_status":"closed","ping_status":"closed","template":"","meta":{"footnotes":""},"class_list":["post-14","page","type-page","status-publish","hentry"],"yoast_head":"<!-- This site is optimized with the Yoast SEO plugin v16.2 - https:\/\/yoast.com\/wordpress\/plugins\/seo\/ -->\n<title>Contacto - Biopathocid - Laboratorio de anatom\u00eda patol\u00f3gica en Murcia<\/title>\n<meta name=\"robots\" content=\"index, follow, max-snippet:-1, max-image-preview:large, max-video-preview:-1\" \/>\n<link rel=\"canonical\" href=\"https:\/\/www.biopathocid.com\/web\/contacto\/\" \/>\n<meta property=\"og:locale\" content=\"es_ES\" \/>\n<meta property=\"og:type\" content=\"article\" \/>\n<meta property=\"og:title\" content=\"Contacto - Biopathocid - Laboratorio de anatom\u00eda patol\u00f3gica en Murcia\" \/>\n<meta property=\"og:description\" content=\"[vc_row][vc_column][vc_empty_space][\/vc_column][\/vc_row][vc_row][vc_column width=\u00bb1\/2&#8243;][vc_column_text css=\u00bb.vc_custom_1616071240613{margin-bottom: 0px !important;}\u00bb] Direcci\u00f3n Avda. del Golf n\u00ba 5-1\u00baH, Edif. Bulevar 30506, Altorreal \u2013 Molina de Segura, Murcia Email: \u00a0info@biopathocid.com Tel\u00e9fono: 968 648 014 [\/vc_column_text][\/vc_column][vc_column width=\u00bb1\/2&#8243;][vc_raw_html]JTNDaWZyYW1lJTIwc3JjJTNEJTIyaHR0cHMlM0ElMkYlMkZ3d3cuZ29vZ2xlLmNvbSUyRm1hcHMlMkZlbWJlZCUzRnBiJTNEJTIxMW0xNCUyMTFtOCUyMTFtMyUyMTFkMTI1NjMuMjg4NDk5OTY0NDM4JTIxMmQtMS4xNjUwMzg5JTIxM2QzOC4wNzQ1MjM0JTIxM20yJTIxMWkxMDI0JTIxMmk3NjglMjE0ZjEzLjElMjEzbTMlMjExbTIlMjExczB4MCUyNTNBMHgzMzMwZDUwYzEwYjFhNjU1JTIxMnNCaW9wYXRob2NpZCUyNTIwU0wlMjUyMC0lMjUyMExhYm9yYXRvcmlvJTI1MjBkZSUyNTIwYW5hdG9tJTI1QzMlMjVBRGElMjUyMHBhdG9sJTI1QzMlMjVCM2dpY2ElMjUyMGVuJTI1MjBNdXJjaWElMjE1ZTAlMjEzbTIlMjExc2VzJTIxMnNlcyUyMTR2MTYxNjQxMjEwNzk2OSUyMTVtMiUyMTFzZXMlMjEyc2VzJTIyJTIwd2lkdGglM0QlMjI2MDAlMjIlMjBoZWlnaHQlM0QlMjI0NTAlMjIlMjBzdHlsZSUzRCUyMmJvcmRlciUzQTAlM0IlMjIlMjBhbGxvd2Z1bGxzY3JlZW4lM0QlMjIlMjIlMjBsb2FkaW5nJTNEJTIybGF6eSUyMiUzRSUzQyUyRmlmcmFtZSUzRQ==[\/vc_raw_html][\/vc_column][\/vc_row][vc_row disable_element=\u00bbyes\u00bb][vc_column][vc_column_text css=\u00bb.vc_custom_1616412095145{margin-bottom: 0px !important;}\u00bb]El responsable del tratamiento es \u2013 BIOPATHOCID S.L. Finalidad del tratamiento de datos: Gesti\u00f3n de comunicaci\u00f3n electr\u00f3nica orientada a la respuesta de consultas realizadas [&hellip;]\" \/>\n<meta property=\"og:url\" content=\"https:\/\/www.biopathocid.com\/web\/contacto\/\" \/>\n<meta property=\"og:site_name\" content=\"Biopathocid - Laboratorio de anatom\u00eda patol\u00f3gica en Murcia\" \/>\n<meta property=\"article:modified_time\" content=\"2021-09-10T09:37:15+00:00\" \/>\n<meta name=\"twitter:card\" content=\"summary_large_image\" \/>\n<meta name=\"twitter:label1\" content=\"Tiempo de lectura\">\n\t<meta name=\"twitter:data1\" content=\"1 minuto\">\n<script type=\"application\/ld+json\" class=\"yoast-schema-graph\">{\"@context\":\"https:\/\/schema.org\",\"@graph\":[{\"@type\":\"WebSite\",\"@id\":\"https:\/\/www.biopathocid.com\/web\/#website\",\"url\":\"https:\/\/www.biopathocid.com\/web\/\",\"name\":\"Biopathocid - Laboratorio de anatom\\u00eda patol\\u00f3gica en Murcia\",\"description\":\"Biopathocid - Laboratorio de anatom\\u00eda patol\\u00f3gica en Murcia\",\"potentialAction\":[{\"@type\":\"SearchAction\",\"target\":\"https:\/\/www.biopathocid.com\/web\/?s={search_term_string}\",\"query-input\":\"required name=search_term_string\"}],\"inLanguage\":\"es\"},{\"@type\":\"WebPage\",\"@id\":\"https:\/\/www.biopathocid.com\/web\/contacto\/#webpage\",\"url\":\"https:\/\/www.biopathocid.com\/web\/contacto\/\",\"name\":\"Contacto - Biopathocid - Laboratorio de anatom\\u00eda patol\\u00f3gica en Murcia\",\"isPartOf\":{\"@id\":\"https:\/\/www.biopathocid.com\/web\/#website\"},\"datePublished\":\"2021-03-18T11:27:04+00:00\",\"dateModified\":\"2021-09-10T09:37:15+00:00\",\"breadcrumb\":{\"@id\":\"https:\/\/www.biopathocid.com\/web\/contacto\/#breadcrumb\"},\"inLanguage\":\"es\",\"potentialAction\":[{\"@type\":\"ReadAction\",\"target\":[\"https:\/\/www.biopathocid.com\/web\/contacto\/\"]}]},{\"@type\":\"BreadcrumbList\",\"@id\":\"https:\/\/www.biopathocid.com\/web\/contacto\/#breadcrumb\",\"itemListElement\":[{\"@type\":\"ListItem\",\"position\":1,\"item\":{\"@type\":\"WebPage\",\"@id\":\"https:\/\/www.biopathocid.com\/web\/\",\"url\":\"https:\/\/www.biopathocid.com\/web\/\",\"name\":\"Portada\"}},{\"@type\":\"ListItem\",\"position\":2,\"item\":{\"@id\":\"https:\/\/www.biopathocid.com\/web\/contacto\/#webpage\"}}]}]}<\/script>\n<!-- \/ Yoast SEO plugin. -->","_links":{"self":[{"href":"https:\/\/www.biopathocid.com\/web\/wp-json\/wp\/v2\/pages\/14","targetHints":{"allow":["GET"]}}],"collection":[{"href":"https:\/\/www.biopathocid.com\/web\/wp-json\/wp\/v2\/pages"}],"about":[{"href":"https:\/\/www.biopathocid.com\/web\/wp-json\/wp\/v2\/types\/page"}],"author":[{"embeddable":true,"href":"https:\/\/www.biopathocid.com\/web\/wp-json\/wp\/v2\/users\/1"}],"replies":[{"embeddable":true,"href":"https:\/\/www.biopathocid.com\/web\/wp-json\/wp\/v2\/comments?post=14"}],"version-history":[{"count":8,"href":"https:\/\/www.biopathocid.com\/web\/wp-json\/wp\/v2\/pages\/14\/revisions"}],"predecessor-version":[{"id":132,"href":"https:\/\/www.biopathocid.com\/web\/wp-json\/wp\/v2\/pages\/14\/revisions\/132"}],"wp:attachment":[{"href":"https:\/\/www.biopathocid.com\/web\/wp-json\/wp\/v2\/media?parent=14"}],"curies":[{"name":"wp","href":"https:\/\/api.w.org\/{rel}","templated":true}]}}