{"id":12,"date":"2021-03-18T11:26:58","date_gmt":"2021-03-18T11:26:58","guid":{"rendered":"https:\/\/www.biopathocid.com\/web\/?page_id=12"},"modified":"2021-03-25T12:27:06","modified_gmt":"2021-03-25T12:27:06","slug":"catalogo-de-procedimientos","status":"publish","type":"page","link":"https:\/\/www.biopathocid.com\/web\/catalogo-de-procedimientos\/","title":{"rendered":"Procedimientos"},"content":{"rendered":"[vc_row][vc_column][vc_single_image image=\u00bb60&#8243; img_size=\u00bbfull\u00bb alignment=\u00bbcenter\u00bb][\/vc_column][\/vc_row][vc_row][vc_column][vc_column_text css=\u00bb.vc_custom_1616071734911{margin-bottom: 0px !important;}\u00bb]<strong><em>\u201cSomos especialistas en el an\u00e1lisis, estudio y diagn\u00f3stico de biopsias, piezas quir\u00fargicas y citolog\u00edas, siempre con elevada calidad diagn\u00f3stica\u201d<\/em><\/strong><\/p>\n<p>DERMATOPATOLOG\u00cdA<\/p>\n<p>Biopsia de piel<\/p>\n<p>Cilindro de piel<\/p>\n<p>Cilindro de biopsia de piel<\/p>\n<p>Cilindro alopecia (secciones horizontales y verticales (caso completo)<\/p>\n<p>Cilindro de linfoma cut\u00e1neo<\/p>\n<p>Afeitado de lesi\u00f3n tumoral (no inflamatorio)<\/p>\n<p>Curetaje de lesi\u00f3n tumoral<\/p>\n<p>Biopsia por incisi\u00f3n<\/p>\n<p>Enucleaci\u00f3n de lesi\u00f3n cut\u00e1nea<\/p>\n<p>Biopsia de u\u00f1a<\/p>\n<p>Biopsia escisional<\/p>\n<p>Estudios especiales (IFD, Genotipo, Citometr\u00eda,\u2026)<\/p>\n<p>Resecci\u00f3n cut\u00e1nea amplia<\/p>\n<p>APARATO DIGESTIVO<\/p>\n<p>Biopsia de es\u00f3fago<\/p>\n<p>Biopsia endosc\u00f3pica (por incisi\u00f3n y por escisi\u00f3n) de es\u00f3fago<\/p>\n<p>Resecci\u00f3n endosc\u00f3pica submucosa de es\u00f3fago<\/p>\n<p>Esofaguectom\u00eda<\/p>\n<p>Esofagogastrectom\u00eda<\/p>\n<p>Biopsia de est\u00f3mago<\/p>\n<p>Biopsia endosc\u00f3pica de est\u00f3mago<\/p>\n<p>Biopsia endosc\u00f3pica (por incisi\u00f3n y por escisi\u00f3n) de est\u00f3mago<\/p>\n<p>Resecci\u00f3n endosc\u00f3pica submucosa de est\u00f3mago<\/p>\n<p>Gastrectom\u00eda parcial y total<\/p>\n<p>Gastrectom\u00eda total con linfadenectom\u00eda<\/p>\n<p>Biopsia de intestino delgado<\/p>\n<p>Biopsia endosc\u00f3pica de intestino delgado<\/p>\n<p>Biopsia endosc\u00f3pica (por incisi\u00f3n y por escisi\u00f3n) de intestino delgado<\/p>\n<p>Resecci\u00f3n endosc\u00f3pica submucosa de intestino delgado<\/p>\n<p>Resecci\u00f3n parcial y total de intestino delgado<\/p>\n<p>Resecci\u00f3n de intestino delgado con linfadenectom\u00eda<\/p>\n<p>Gastroduodenectom\u00eda total<\/p>\n<p>Biopsia de intestino grueso<\/p>\n<p>Biopsia endosc\u00f3pica de intestino grueso<\/p>\n<p>Biopsia endosc\u00f3pica (por incisi\u00f3n y por escisi\u00f3n) de intestino grueso<\/p>\n<p>Resecci\u00f3n endosc\u00f3pica submucosa de intestino grueso<\/p>\n<p>Resecci\u00f3n parcial o total de intestino grueso<\/p>\n<p>Resecci\u00f3n de intestino grueso con linfadenectom\u00eda (tumoral)<\/p>\n<p>Resecci\u00f3n de recto (Resecci\u00f3n anterior baja) (Tumoral)<\/p>\n<p>Resecci\u00f3n abdominoperineal de intestino grueso<\/p>\n<p>Biopsia de ap\u00e9ndice ileocecal<\/p>\n<p>Biopsia de ano<\/p>\n<p>Biopsia (por incisi\u00f3n y por escisi\u00f3n) de ano<\/p>\n<p>Extirpaci\u00f3n de ano<\/p>\n<p>Biopsia de ves\u00edcula biliar<\/p>\n<p>Pieza de ves\u00edcula biliar<\/p>\n<p>Pieza de ves\u00edcula biliar y hepatectom\u00eda parcial<\/p>\n<p>C\u00e1lculo biliar<\/p>\n<p>Biopsia de ampolla de Vater<\/p>\n<p>Biopsia por incisi\u00f3n de ampolla de Vater<\/p>\n<p>Extirpaci\u00f3n de ampolla de Vater<\/p>\n<p>Biopsia de v\u00eda biliar extrahep\u00e1tica<\/p>\n<p>Biopsia de h\u00edgado<\/p>\n<p>Cilindro (punch, BAAG, tru-cut) de h\u00edgado<\/p>\n<p>Biopsia por incisi\u00f3n (en cu\u00f1a) de h\u00edgado<\/p>\n<p>Hepatectom\u00eda parcial (lobectom\u00eda o segmentectom\u00eda)<\/p>\n<p>Hepatectom\u00eda total<\/p>\n<p>Biopsia de p\u00e1ncreas<\/p>\n<p>Cilindro (punch, BAAG, tru-cut) de p\u00e1ncreas<\/p>\n<p>Biopsia (por incisi\u00f3n y por escisi\u00f3n) de p\u00e1ncreas<\/p>\n<p>Pancreatectom\u00eda parcial<\/p>\n<p>Pancreatectom\u00eda Whipple<\/p>\n<p>Biopsia de mesenterio<\/p>\n<p>Biopsia de epiplon<\/p>\n<p>Omentectom\u00eda<\/p>\n<p>Biopsia de peritoneo<\/p>\n<p>Biopsia (por incisi\u00f3n y por escisi\u00f3n) de peritoneo<\/p>\n<p>Biopsia de retroperitoneo<\/p>\n<p>PATOLOG\u00cdA ENDOCRINA<\/p>\n<p>Biopsia de gl\u00e1ndula tiroidea<\/p>\n<p>Cilindro (punch, BAAG, tru-cut) de tiroides<\/p>\n<p>Biopsia por escisi\u00f3n de tiroides (n\u00f3dulo tidoideo)<\/p>\n<p>Tiroidectom\u00eda subtotal o total (neopl\u00e1sica)<\/p>\n<p>Tiroidectom\u00eda total con linfadenectom\u00eda<\/p>\n<p>Biopsia de paratiroides<\/p>\n<p>Biopsia por incisi\u00f3n de paratiroides<\/p>\n<p>Paratiroidectom\u00eda<\/p>\n<p>Biopsia de gl\u00e1ndula suprarrenal<\/p>\n<p>Biopsia por incisi\u00f3n de suprarrenal<\/p>\n<p>Suprarrenalectom\u00eda<\/p>\n<p>PATOLOG\u00cdA GINECOL\u00d3GICA<\/p>\n<p>Biopsia de vulva<\/p>\n<p>Cilindro (punch, BAAG, tru-cut) de vulva<\/p>\n<p>Biopsia (por incisi\u00f3n y por escisi\u00f3n) de vulva<\/p>\n<p>Vulvectom\u00eda parcial o total<\/p>\n<p>Vulvectom\u00eda total con linfadenectom\u00eda<\/p>\n<p>Biopsia de vagina<\/p>\n<p>Biopsia (por incisi\u00f3n y por escisi\u00f3n) de vagina<\/p>\n<p>Vaginectom\u00eda<\/p>\n<p>Biopsia de c\u00e9rvix uterino<\/p>\n<p>Biopsia (por incisi\u00f3n y por escisi\u00f3n) de c\u00e9rvix (e.j. p\u00f3lipo)<\/p>\n<p>Biopsia por conizaci\u00f3n de c\u00e9rvix<\/p>\n<p>Biopsia de endoc\u00e9rvix (legrado)<\/p>\n<p>Amputaci\u00f3n de c\u00e9rvix<\/p>\n<p>Biopsia de endometrio<\/p>\n<p>Producto de concepci\u00f3n<\/p>\n<p>Biopsia por incisi\u00f3n de endometrio (legrado, aspiraci\u00f3n)<\/p>\n<p>Biopsia por escisi\u00f3n de endometrio (e.j. polipectom\u00eda)<\/p>\n<p>Biopsia de \u00fatero<\/p>\n<p>Cilindro (punch, BAAG, tru-cut) de \u00fatero<\/p>\n<p>Biopsia (por incisi\u00f3n y por escisi\u00f3n) de \u00fatero (e.j. miomectom\u00eda)<\/p>\n<p>Histerectom\u00eda simple<\/p>\n<p>Histerectom\u00eda y anexectom\u00eda<\/p>\n<p>Histerectom\u00eda radical con linfadenectom\u00eda<\/p>\n<p>Biopsia de ovario<\/p>\n<p>Biopsia incisional de ovario<\/p>\n<p>Biopsia de quiste ov\u00e1rico<\/p>\n<p>Ooforectom\u00eda<\/p>\n<p>Sapingo-ooforectom\u00eda<\/p>\n<p>Omentomia + biopsia peritoneo<\/p>\n<p>Biopsia de trompa uterina<\/p>\n<p>Salpinguectom\u00eda<\/p>\n<p>Biopsia de placenta<\/p>\n<p>Membrana placentaria<\/p>\n<p>Placenta completa<\/p>\n<p>Feto o embri\u00f3n como biopsia<\/p>\n<p>Aborto<\/p>\n<p>Feto 6-12 semanas (disecci\u00f3n compleja, fotograf\u00eda, seriaci\u00f3n, etc.)<\/p>\n<p>HEMATOPATOLOG\u00cdA<\/p>\n<p>Biopsia de bazo<\/p>\n<p>Biopsia de bazo<\/p>\n<p>Esplenectom\u00eda<\/p>\n<p>Biopsia de ganglio linf\u00e1tico u otro \u00f3rgano (linfoma)<\/p>\n<p>Cilindro (punch, BAAG, tru-cut) de ganglio linf\u00e1tico<\/p>\n<p>Biopsia (por incisi\u00f3n y por escisi\u00f3n) gangio linf\u00e1tico<\/p>\n<p>Gangio centinela<\/p>\n<p>Linfadenectom\u00eda regional<\/p>\n<p>Biopsia de m\u00e9dula \u00f3sea<\/p>\n<p>PATOLOG\u00cdA MAMARIA<\/p>\n<p>Biopsia de mama<\/p>\n<p>Cilindro (punch, BAAG, tru-cut) de mama<\/p>\n<p>Biopsia (por incisi\u00f3n y por escisi\u00f3n) de mama (e.j. tumorectom\u00eda)<\/p>\n<p>Ampliaci\u00f3n de m\u00e1rgenes en mama<\/p>\n<p>Mastectom\u00eda parcial y total<\/p>\n<p>Mastectom\u00eda total y linfadenectom\u00eda<\/p>\n<p>Mamotomo<\/p>\n<p>PATOLOG\u00cdA DE CABEZA Y CUELLO<\/p>\n<p>Biopsia de diente<\/p>\n<p>Biopsia de gl\u00e1ndula salival<\/p>\n<p>Cilindro (punch, BAAG, tru -cut) de gl\u00e1ndula salival<\/p>\n<p>Extirpaci\u00f3n \/ biopsia de gl\u00e1ndula salival<\/p>\n<p>Biopsia de labio<\/p>\n<p>Cilindro (punch, BAAG, tru -cut) de labio<\/p>\n<p>Biopsia (por incisi\u00f3n y por escisi\u00f3n) de labio<\/p>\n<p>Biopsia de lengua<\/p>\n<p>Biopsia (por incisi\u00f3n y por escisi\u00f3n) lengua<\/p>\n<p>Biopsia de cavidad oral<\/p>\n<p>Cilindro (punch, BAAG, tru -cut) de cavidad oral<\/p>\n<p>Biopsia (por incisi\u00f3n y por escisi\u00f3n) de mucosa oral<\/p>\n<p>Biopsia (por incisi\u00f3n y por escisi\u00f3n) mandibular o maxilar<\/p>\n<p>Biopsia de am\u00edgdala<\/p>\n<p>Biopsia por incisi\u00f3n de am\u00edgdala<\/p>\n<p>Amigdalectom\u00eda<\/p>\n<p>Biopsia de c\u00e1vum<\/p>\n<p>Biopsia de fosa nasal<\/p>\n<p>Biopsia (por incisi\u00f3n y por escisi\u00f3n) fosa nasal<\/p>\n<p>Biopsia de senos nasales y paranasales<\/p>\n<p>Biopsia de faringe<\/p>\n<p>Biopsia de laringe<\/p>\n<p>Biopsia por incisi\u00f3n de laringe<\/p>\n<p>Cordectom\u00eda<\/p>\n<p>Laringuectom\u00eda<\/p>\n<p>Linfadenectom\u00eda de cuello (Vaciamiento funcional o radical)<\/p>\n<p>Biopsia de o\u00eddo<\/p>\n<p>PATOLOG\u00cdA OFT\u00c1LMICA<\/p>\n<p>Biopsia de conjuntiva<\/p>\n<p>Biopsia de c\u00f3rnea<\/p>\n<p>Biopsia de globo ocular<\/p>\n<p>Biopsia de saco lagrimal<\/p>\n<p>Biopsia de tejido trabecular<\/p>\n<p>PATOLOG\u00cdA DE PARTES BLANDAS, ARTICULACI\u00d3N Y HUESO<\/p>\n<p>Biopsia de partes blandas (incuye fascia)<\/p>\n<p>Cilindro (punch, BAAG, tru -cut) de partes blandas<\/p>\n<p>Biopsia (por incisi\u00f3n y por escisi\u00f3n) de partes blandas<\/p>\n<p>Biopsia extirpaci\u00f3n amplia partes blandas<\/p>\n<p>Amputaci\u00f3n de extremidad<\/p>\n<p>Biopsia de articulaci\u00f3n<\/p>\n<p>Biopsia no quir\u00fargica de articulaci\u00f3n<\/p>\n<p>Biopsia por escisi\u00f3n de articulaci\u00f3n<\/p>\n<p>Biopsia de tend\u00f3n<\/p>\n<p>Biopsia (por incisi\u00f3n y por escisi\u00f3n) de tend\u00f3n<\/p>\n<p>Biopsia de sinovial<\/p>\n<p>Biopsia (por incisi\u00f3n y por escisi\u00f3n) de sinovial<\/p>\n<p>Biopsia de bursa<\/p>\n<p>Biopsia de hueso<\/p>\n<p>Cilindro (punch, BAAG, tru-cut) de hueso<\/p>\n<p>Biopsia Biopsia (por incisi\u00f3n y por escisi\u00f3n) de hueso<\/p>\n<p>PATOLOG\u00cdA RESPIRATORIA Y CAVIDAD TOR\u00c1CICA<\/p>\n<p>Biopsia de tr\u00e1quea<\/p>\n<p>Resecci\u00f3n de tr\u00e1quea<\/p>\n<p>Biopsia de bronquio<\/p>\n<p>Biopsia endosc\u00f3pica de bronquio<\/p>\n<p>Biopsia (por incisi\u00f3n y por escisi\u00f3n) de bronquio (ej. Polipectom\u00eda)<\/p>\n<p>Resecci\u00f3n de bronquio<\/p>\n<p>Biopsia de pulm\u00f3n<\/p>\n<p>Cilindro (punch, BAAG, tru -cut) de pulm\u00f3n<\/p>\n<p>Biopsia transbronquial de pulm\u00f3n<\/p>\n<p>Biopsia (por incisi\u00f3n y por escisi\u00f3n) de pulm\u00f3n<\/p>\n<p>Resecci\u00f3n segmentaria de pulm\u00f3n<\/p>\n<p>Lobectom\u00eda de pulm\u00f3n<\/p>\n<p>Neumonectom\u00eda<\/p>\n<p>Biopsia de pleura<\/p>\n<p>Cilindro (punch, BAAG, tru -cut) de pleura<\/p>\n<p>Biopsia (por incisi\u00f3n y por escisi\u00f3n) de pleura<\/p>\n<p>Pleurectom\u00eda o decorticaci\u00f3n<\/p>\n<p>Biopsia de mediastino<\/p>\n<p>Biopsia de timo<\/p>\n<p>PATOLOG\u00cdA CARDIOVASCULAR<\/p>\n<p>Biopsia de arteria<\/p>\n<p>Biopsia de contenido de arteria (p.ej. trombo, placa ateroma)<\/p>\n<p>Biopsia de arteria temporal<\/p>\n<p>Biopsia por escisi\u00f3n de arteria (p.ej. Aneurisma)<\/p>\n<p>Biopsia de vena<\/p>\n<p>Biopsia de coraz\u00f3n<\/p>\n<p>Biopsia (por incisi\u00f3n y por escisi\u00f3n) de coraz\u00f3n<\/p>\n<p>Biopsia de v\u00e1lvula cardiaca (nativa o pr\u00f3tesis)<\/p>\n<p>Biopsia de pericardio<\/p>\n<p>Biopsia de endocardio<\/p>\n<p>Biopsia de miocarcdio<\/p>\n<p>UROPATOLOG\u00cdA<\/p>\n<p>Biopsia de ur\u00e9ter<\/p>\n<p>Biopsia (por incisi\u00f3n y por escisi\u00f3n) de ur\u00e9ter<\/p>\n<p>Ureterectom\u00eda<\/p>\n<p>Biopsia de vejiga<\/p>\n<p>Biopsia (por incisi\u00f3n y por escisi\u00f3n) de vejiga<\/p>\n<p>Resecci\u00f3n transuretral de vejiga<\/p>\n<p>Cistectom\u00eda<\/p>\n<p>Cistoprostatectom\u00eda radical<\/p>\n<p>Biopsia de uretra<\/p>\n<p>Biopsia de pr\u00f3stata<\/p>\n<p>Cilindro (punch, BAAG, tru-cut) de pr\u00f3stata<\/p>\n<p>Resecci\u00f3n transuretral de pr\u00f3stata<\/p>\n<p>Biopsia por enucleaci\u00f3n de pr\u00f3stata (adenomectom\u00eda)<\/p>\n<p>Prostatectom\u00eda radical<\/p>\n<p>Biopsia de test\u00edculo<\/p>\n<p>Cilindro (punch, BAAG, tru -cut) de test\u00edculo<\/p>\n<p>Biopsia (por incisi\u00f3n y por escisi\u00f3n) de test\u00edculo<\/p>\n<p>Orquiectom\u00eda<\/p>\n<p>Biopsia de epid\u00eddimo<\/p>\n<p>Biopsia de cord\u00f3n esperm\u00e1tico<\/p>\n<p>Biopsia de ves\u00edculas seminales<\/p>\n<p>Biopsia de pene<\/p>\n<p>Biopsia (por incisi\u00f3n y por escisi\u00f3n) de pene<\/p>\n<p>Amputaci\u00f3n de pene<\/p>\n<p>NEFROPATOLOG\u00cdA<\/p>\n<p>Biopsia de ri\u00f1\u00f3n<\/p>\n<p>Cilindro (punch, BAAG, tru -cut) de ri\u00f1\u00f3n<\/p>\n<p>Biopsia (por incisi\u00f3n y por escisi\u00f3n) ri\u00f1\u00f3n<\/p>\n<p>Nefrectom\u00eda<\/p>\n<p>CITOPATOLOG\u00cdA EXFOLIATIVA, IMPRONTAS Y PAAF<\/p>\n<p>CITOPATOLOG\u00cdA DE PIEL<\/p>\n<p>Citolog\u00eda Citolog\u00eda exfoliativa, cepillados o raspados de piel<\/p>\n<p>Citolog\u00eda de raspado o frotis de piel<\/p>\n<p>Citolog\u00eda contenido de lesi\u00f3n de piel<\/p>\n<p>Citolog\u00eda impronta de piel<\/p>\n<p>Citolog\u00eda de piel (impronta)<\/p>\n<p>PAAF de piel<\/p>\n<p>CITOPATOLOG\u00cdA DEL APARATO DIGESTIVO<\/p>\n<p>Citolog\u00eda exfoliativa, cepillados o raspados de aparato digestivo<\/p>\n<p>Citolog\u00eda ano. Determinaci\u00f3n molecular de HPV<\/p>\n<p>Citolog\u00eda de l\u00edquidos o secreciones de aparato digestivo<\/p>\n<p>Citolog\u00eda impronta de aparato digestivo<\/p>\n<p>PAAF de aparato digestivo<\/p>\n<p>CITOPATOLOG\u00cdA ENDOCRINA<\/p>\n<p>Citolog\u00eda impronta de sistema endocrino<\/p>\n<p>PAAF de sistema endocrino<\/p>\n<p>CITOPATOLOG\u00cdA GINECOL\u00d3GICA<\/p>\n<p>Citolog\u00eda exfoliativa, cepillados o raspados ginecol\u00f3gica<\/p>\n<p>Citolog\u00eda de vulva<\/p>\n<p>Citolog\u00eda de vagina<\/p>\n<p>Citolog\u00eda de c\u00fapula vaginal<\/p>\n<p>Citolog\u00eda de ectoc\u00e9rvix. Toma \u00fanica<\/p>\n<p>Citolog\u00eda de endoc\u00e9rvix. Toma \u00fanica<\/p>\n<p>Citolog\u00eda de c\u00e9rvix. Doble toma (ecto y endoc\u00e9rvix)<\/p>\n<p>Citolog\u00eda cervicovaginal. Doble toma<\/p>\n<p>Citolog\u00eda cervicovaginal. Triple toma<\/p>\n<p>Citolog\u00eda de endometrio<\/p>\n<p>Citolog\u00eda l\u00edquida de c\u00e9rvix<\/p>\n<p>Determinaci\u00f3n molecular de HPV<\/p>\n<p>Citolog\u00eda impronta ginecol\u00f3gica<\/p>\n<p>PAAF de aparato genital femenino<\/p>\n<p>CITOHEMATOPATOLOG\u00cdA<\/p>\n<p>Citolog\u00eda impronta tejido linfoide<\/p>\n<p>PAAF de tejido linfoide<\/p>\n<p>CITOPATOLOG\u00cdA MAMARIA<\/p>\n<p>Citolog\u00eda exfoliativa, cepillados o raspados de mama<\/p>\n<p>Citolog\u00eda de piel de pez\u00f3n de mama<\/p>\n<p>Citolog\u00eda de l\u00edquidos o secreciones de mama<\/p>\n<p>Citolog\u00eda de secreci\u00f3n pez\u00f3n de mama<\/p>\n<p>Citolog\u00eda de l\u00edquido procedente de mama<\/p>\n<p>Citolog\u00eda de conducto mamario<\/p>\n<p>Citolog\u00eda impronta de mama<\/p>\n<p>Citolog\u00eda de mama (impronta)<\/p>\n<p>PAAF de mama<\/p>\n<p>PAAF de mama<\/p>\n<p>PAAF con control ecogr\u00e1fico de axila<\/p>\n<p>PATOLOG\u00cdA DE CABEZA Y CUELLO<\/p>\n<p>Citolog\u00eda exfoliativa, cepillados o raspados de cabeza y cuello<\/p>\n<p>Citolog\u00eda de labio<\/p>\n<p>Citolog\u00eda de boca<\/p>\n<p>Citolog\u00eda para corp\u00fasculo de Barr<\/p>\n<p>Citolog\u00eda de lengua<\/p>\n<p>Citolog\u00eda de am\u00edgdala palatina<\/p>\n<p>Citolog\u00eda de c\u00e1vum<\/p>\n<p>Citolog\u00eda de fosa nasal<\/p>\n<p>Citolog\u00eda de senos nasales y paranasales<\/p>\n<p>Citolog\u00eda de faringe<\/p>\n<p>Citolog\u00eda de laringe<\/p>\n<p>Citolog\u00eda de o\u00eddo<\/p>\n<p>Determinaci\u00f3n molecular de HPV<\/p>\n<p>Citolog\u00eda de l\u00edquidos o secreciones de cabeza y cuello<\/p>\n<p>PAAF de cabeza y cuello<\/p>\n<p>CITOPATOLOG\u00cdA OFT\u00c1LMICA<\/p>\n<p>CITOPATOLOG\u00cdA DE PARTES BLANDAS, ARTICULACI\u00d3N Y HUESO<\/p>\n<p>Citolog\u00eda de l\u00edquidos o secreciones de partes blandas (incuye fascia), articulaci\u00f3n y hueso<\/p>\n<p>Citolog\u00eda l\u00edquido sinovial o articular<\/p>\n<p>Citolog\u00eda de l\u00edquido de bursa<\/p>\n<p>PAAF de partes blandas, articulaci\u00f3n y hueso<\/p>\n<p>CITOPATOLOG\u00cdA RESPIRATORIA Y CAVIDAD TOR\u00c1CICA<\/p>\n<p>Citolog\u00eda exfoliativa, cepillados o raspados de v\u00edas respiratorias y cavidad tor\u00e1cica<\/p>\n<p>Citolog\u00eda de l\u00edquidos o secreciones de v\u00edas respiratorias y cavidad tor\u00e1cica<\/p>\n<p>PAAF de v\u00edas respiratorias y cavidad tor\u00e1cica<\/p>\n<p>CITOPATOLOG\u00cdA UROL\u00d3GICA<\/p>\n<p>Citolog\u00eda exfoliativa, cepillados o raspados de aparato urinario y genital masculino<\/p>\n<p>Citolog\u00eda de l\u00edquidos o secreciones de aparato urinario y genital masculino<\/p>\n<p>PAAF de urolog\u00eda[\/vc_column_text][\/vc_column][\/vc_row]\n","protected":false},"excerpt":{"rendered":"<p>[vc_row][vc_column][vc_single_image image=\u00bb60&#8243; img_size=\u00bbfull\u00bb alignment=\u00bbcenter\u00bb][\/vc_column][\/vc_row][vc_row][vc_column][vc_column_text css=\u00bb.vc_custom_1616071734911{margin-bottom: 0px !important;}\u00bb]\u201cSomos especialistas en el an\u00e1lisis, estudio y diagn\u00f3stico de biopsias, piezas quir\u00fargicas y citolog\u00edas, siempre con elevada calidad diagn\u00f3stica\u201d DERMATOPATOLOG\u00cdA Biopsia de piel Cilindro de piel Cilindro de biopsia de piel Cilindro alopecia (secciones horizontales y verticales (caso completo) Cilindro de linfoma cut\u00e1neo Afeitado de lesi\u00f3n tumoral (no inflamatorio) [&hellip;]<\/p>\n","protected":false},"author":1,"featured_media":0,"parent":0,"menu_order":0,"comment_status":"closed","ping_status":"closed","template":"","meta":{"footnotes":""},"class_list":["post-12","page","type-page","status-publish","hentry"],"yoast_head":"<!-- This site is optimized with the Yoast SEO plugin v16.2 - https:\/\/yoast.com\/wordpress\/plugins\/seo\/ -->\n<title>Procedimientos - Biopathocid - Laboratorio de anatom\u00eda patol\u00f3gica en Murcia<\/title>\n<meta name=\"robots\" content=\"index, follow, max-snippet:-1, max-image-preview:large, max-video-preview:-1\" \/>\n<link rel=\"canonical\" href=\"https:\/\/www.biopathocid.com\/web\/catalogo-de-procedimientos\/\" \/>\n<meta property=\"og:locale\" content=\"es_ES\" \/>\n<meta property=\"og:type\" content=\"article\" \/>\n<meta property=\"og:title\" content=\"Procedimientos - Biopathocid - Laboratorio de anatom\u00eda patol\u00f3gica en Murcia\" \/>\n<meta property=\"og:description\" content=\"[vc_row][vc_column][vc_single_image image=\u00bb60&#8243; img_size=\u00bbfull\u00bb alignment=\u00bbcenter\u00bb][\/vc_column][\/vc_row][vc_row][vc_column][vc_column_text css=\u00bb.vc_custom_1616071734911{margin-bottom: 0px !important;}\u00bb]\u201cSomos especialistas en el an\u00e1lisis, estudio y diagn\u00f3stico de biopsias, piezas quir\u00fargicas y citolog\u00edas, siempre con elevada calidad diagn\u00f3stica\u201d DERMATOPATOLOG\u00cdA Biopsia de piel Cilindro de piel Cilindro de biopsia de piel Cilindro alopecia (secciones horizontales y verticales (caso completo) Cilindro de linfoma cut\u00e1neo Afeitado de lesi\u00f3n tumoral (no inflamatorio) [&hellip;]\" \/>\n<meta property=\"og:url\" content=\"https:\/\/www.biopathocid.com\/web\/catalogo-de-procedimientos\/\" \/>\n<meta property=\"og:site_name\" content=\"Biopathocid - Laboratorio de anatom\u00eda patol\u00f3gica en Murcia\" \/>\n<meta property=\"article:modified_time\" content=\"2021-03-25T12:27:06+00:00\" \/>\n<meta name=\"twitter:card\" content=\"summary_large_image\" \/>\n<meta name=\"twitter:label1\" content=\"Tiempo de lectura\">\n\t<meta name=\"twitter:data1\" content=\"7 minutos\">\n<script type=\"application\/ld+json\" class=\"yoast-schema-graph\">{\"@context\":\"https:\/\/schema.org\",\"@graph\":[{\"@type\":\"WebSite\",\"@id\":\"https:\/\/www.biopathocid.com\/web\/#website\",\"url\":\"https:\/\/www.biopathocid.com\/web\/\",\"name\":\"Biopathocid - Laboratorio de anatom\\u00eda patol\\u00f3gica en Murcia\",\"description\":\"Biopathocid - Laboratorio de anatom\\u00eda patol\\u00f3gica en Murcia\",\"potentialAction\":[{\"@type\":\"SearchAction\",\"target\":\"https:\/\/www.biopathocid.com\/web\/?s={search_term_string}\",\"query-input\":\"required name=search_term_string\"}],\"inLanguage\":\"es\"},{\"@type\":\"WebPage\",\"@id\":\"https:\/\/www.biopathocid.com\/web\/catalogo-de-procedimientos\/#webpage\",\"url\":\"https:\/\/www.biopathocid.com\/web\/catalogo-de-procedimientos\/\",\"name\":\"Procedimientos - Biopathocid - Laboratorio de anatom\\u00eda patol\\u00f3gica en Murcia\",\"isPartOf\":{\"@id\":\"https:\/\/www.biopathocid.com\/web\/#website\"},\"datePublished\":\"2021-03-18T11:26:58+00:00\",\"dateModified\":\"2021-03-25T12:27:06+00:00\",\"breadcrumb\":{\"@id\":\"https:\/\/www.biopathocid.com\/web\/catalogo-de-procedimientos\/#breadcrumb\"},\"inLanguage\":\"es\",\"potentialAction\":[{\"@type\":\"ReadAction\",\"target\":[\"https:\/\/www.biopathocid.com\/web\/catalogo-de-procedimientos\/\"]}]},{\"@type\":\"BreadcrumbList\",\"@id\":\"https:\/\/www.biopathocid.com\/web\/catalogo-de-procedimientos\/#breadcrumb\",\"itemListElement\":[{\"@type\":\"ListItem\",\"position\":1,\"item\":{\"@type\":\"WebPage\",\"@id\":\"https:\/\/www.biopathocid.com\/web\/\",\"url\":\"https:\/\/www.biopathocid.com\/web\/\",\"name\":\"Portada\"}},{\"@type\":\"ListItem\",\"position\":2,\"item\":{\"@id\":\"https:\/\/www.biopathocid.com\/web\/catalogo-de-procedimientos\/#webpage\"}}]}]}<\/script>\n<!-- \/ Yoast SEO plugin. -->","_links":{"self":[{"href":"https:\/\/www.biopathocid.com\/web\/wp-json\/wp\/v2\/pages\/12","targetHints":{"allow":["GET"]}}],"collection":[{"href":"https:\/\/www.biopathocid.com\/web\/wp-json\/wp\/v2\/pages"}],"about":[{"href":"https:\/\/www.biopathocid.com\/web\/wp-json\/wp\/v2\/types\/page"}],"author":[{"embeddable":true,"href":"https:\/\/www.biopathocid.com\/web\/wp-json\/wp\/v2\/users\/1"}],"replies":[{"embeddable":true,"href":"https:\/\/www.biopathocid.com\/web\/wp-json\/wp\/v2\/comments?post=12"}],"version-history":[{"count":6,"href":"https:\/\/www.biopathocid.com\/web\/wp-json\/wp\/v2\/pages\/12\/revisions"}],"predecessor-version":[{"id":122,"href":"https:\/\/www.biopathocid.com\/web\/wp-json\/wp\/v2\/pages\/12\/revisions\/122"}],"wp:attachment":[{"href":"https:\/\/www.biopathocid.com\/web\/wp-json\/wp\/v2\/media?parent=12"}],"curies":[{"name":"wp","href":"https:\/\/api.w.org\/{rel}","templated":true}]}}