{"id":10,"date":"2021-03-18T11:26:53","date_gmt":"2021-03-18T11:26:53","guid":{"rendered":"https:\/\/www.biopathocid.com\/web\/?page_id=10"},"modified":"2021-03-25T12:24:31","modified_gmt":"2021-03-25T12:24:31","slug":"por-que-elegir-biopathocid","status":"publish","type":"page","link":"https:\/\/www.biopathocid.com\/web\/por-que-elegir-biopathocid\/","title":{"rendered":"Por qu\u00e9 elegir Biopathocid"},"content":{"rendered":"[vc_row][vc_column][vc_single_image image=\u00bb98&#8243; img_size=\u00bbfull\u00bb alignment=\u00bbcenter\u00bb][\/vc_column][\/vc_row][vc_row][vc_column][vc_column_text css=\u00bb.vc_custom_1616454221764{margin-bottom: 0px !important;}\u00bb]<strong><i>\u00a0\u201cSomos especialistas en el an\u00e1lisis, estudio y diagn\u00f3stico de biopsias, piezas quir\u00fargicas y citolog\u00edas, siempre con elevada calidad diagn\u00f3stica\u201d<\/i><\/strong><\/p>\n<p>Con nuestros servicios su consulta, cl\u00ednica u hospital podr\u00e1 conseguir objetivos como:<\/p>\n<p><b>Control y coordinaci\u00f3n completo del paciente,<\/b>\u00a0se acaba, por tanto, con posibles p\u00e9rdidas y manipulaci\u00f3n incorrecta de dichas muestras.<\/p>\n<p><b>La rapidez en el tiempo de respuesta diagn\u00f3stica<\/b>: siendo el tiempo de elaboraci\u00f3n del diagn\u00f3stico muy superior a otros laboratorios. Nuestro sistema de emisi\u00f3n de informes es en tiempo real. Por tanto, campa\u00f1as como las que se est\u00e1n llevando a cabo de detecci\u00f3n precoz del c\u00e1ncer de colon, mama\u2026son mucho m\u00e1s efectivas: \u201cSin un diagn\u00f3stico precoz de la enfermedad no existe ning\u00fan tratamiento precoz para dicha enfermedad\u201d.<\/p>\n<p>La rapidez en la entrega de informes se traduce en\u00a0<b>un impacto muy positivo sobre la organizaci\u00f3n de la agenda de consultas:<\/b>\u00a0saben que un d\u00eda entregan las muestras y pasados muy pocos d\u00edas \u00fatiles tienen el diagn\u00f3stico. Excepcionalmente, si el paciente necesita pruebas complementarias (para ello tenemos in situ en nuestras instalaciones un laboratorio completo de inmunohistoqu\u00edmica) habr\u00e1 un plazo superior de entrega en el diagn\u00f3stico. El m\u00e9dico es informado de esta situaci\u00f3n pudiendo organizar con anticipaci\u00f3n a sus pacientes. No se dar\u00e1n casos de cita previa del paciente sin tener el diagn\u00f3stico listo para esa consulta. Las consultas ser\u00e1n m\u00e1s eficientes y productivas. Adem\u00e1s, se evita que los pacientes dispongan de la informaci\u00f3n de su diagn\u00f3stico previo a la consulta que tienen con el m\u00e9dico que ha solicitado dicho estudio, con lo cual, no existe informaci\u00f3n cruzada sobre el diagn\u00f3stico.<\/p>\n<p><b>Los informes de anatom\u00eda patol\u00f3gica podr\u00e1n ser vistos desde cualquier dispositivo<\/b>\u00a0que contemple Internet www.biopathocid.com, de manera muy sencilla y bajo estricto cumplimiento de la ley org\u00e1nica de protecci\u00f3n de datos. El sistema\u00a0<b>de nuestra plataforma act\u00faa como un gran archivo de todos sus pacientes.\u00a0<\/b>Biopathocid sl es pionero en la Regi\u00f3n en la consulta de informes online; Dicho sistema de entrega de los informes cumple con la ley de protecci\u00f3n de datos, siendo los informes descargados a trav\u00e9s de nuestra p\u00e1gina web con claves individuales, sustituyendo as\u00ed la entrega de informes en papel.<\/p>\n<p>El servicio de anatom\u00eda patol\u00f3gica estar\u00e1 asegurado ya que actualmente Biopathocid cuenta con varios pat\u00f3logos dando continuidad en per\u00edodos festivos y vacacionales (<b>el laboratorio permanece abierto los 365 d\u00edas del a\u00f1o<\/b>).<\/p>\n<p>Los m\u00e9dicos podr\u00e1n disponer de consultas sobre sus diagn\u00f3sticos con el m\u00e9dico pat\u00f3logo cuando as\u00ed lo crean conveniente<b>.<\/b><\/p>\n<p><b>BIOPATHOCID SL laboratorio de Anatom\u00eda patol\u00f3gica ser\u00eda un valor a\u00f1adido a su centro.<\/b>\u00a0Traduci\u00e9ndose en un important\u00edsimo incremento de la calidad diagn\u00f3stica, se conseguir\u00e1, por tanto, que el tratamiento del paciente sea absolutamente direccionado, eficiente y preciso.<\/p>\n<p>Sin un buen diagn\u00f3stico no habr\u00e1 un tratamiento direccionado, eficaz y preciso.[\/vc_column_text][\/vc_column][\/vc_row]\n","protected":false},"excerpt":{"rendered":"<p>[vc_row][vc_column][vc_single_image image=\u00bb98&#8243; img_size=\u00bbfull\u00bb alignment=\u00bbcenter\u00bb][\/vc_column][\/vc_row][vc_row][vc_column][vc_column_text css=\u00bb.vc_custom_1616454221764{margin-bottom: 0px !important;}\u00bb]\u00a0\u201cSomos especialistas en el an\u00e1lisis, estudio y diagn\u00f3stico de biopsias, piezas quir\u00fargicas y citolog\u00edas, siempre con elevada calidad diagn\u00f3stica\u201d Con nuestros servicios su consulta, cl\u00ednica u hospital podr\u00e1 conseguir objetivos como: Control y coordinaci\u00f3n completo del paciente,\u00a0se acaba, por tanto, con posibles p\u00e9rdidas y manipulaci\u00f3n incorrecta de dichas muestras. [&hellip;]<\/p>\n","protected":false},"author":1,"featured_media":61,"parent":0,"menu_order":0,"comment_status":"closed","ping_status":"closed","template":"","meta":{"footnotes":""},"class_list":["post-10","page","type-page","status-publish","has-post-thumbnail","hentry"],"yoast_head":"<!-- This site is optimized with the Yoast SEO plugin v16.2 - https:\/\/yoast.com\/wordpress\/plugins\/seo\/ -->\n<title>Por qu\u00e9 elegir Biopathocid - Biopathocid - Laboratorio de anatom\u00eda patol\u00f3gica en Murcia<\/title>\n<meta name=\"robots\" content=\"index, follow, max-snippet:-1, max-image-preview:large, max-video-preview:-1\" \/>\n<link rel=\"canonical\" href=\"https:\/\/www.biopathocid.com\/web\/por-que-elegir-biopathocid\/\" \/>\n<meta property=\"og:locale\" content=\"es_ES\" \/>\n<meta property=\"og:type\" content=\"article\" \/>\n<meta property=\"og:title\" content=\"Por qu\u00e9 elegir Biopathocid - Biopathocid - Laboratorio de anatom\u00eda patol\u00f3gica en Murcia\" \/>\n<meta property=\"og:description\" content=\"[vc_row][vc_column][vc_single_image image=\u00bb98&#8243; img_size=\u00bbfull\u00bb alignment=\u00bbcenter\u00bb][\/vc_column][\/vc_row][vc_row][vc_column][vc_column_text css=\u00bb.vc_custom_1616454221764{margin-bottom: 0px !important;}\u00bb]\u00a0\u201cSomos especialistas en el an\u00e1lisis, estudio y diagn\u00f3stico de biopsias, piezas quir\u00fargicas y citolog\u00edas, siempre con elevada calidad diagn\u00f3stica\u201d Con nuestros servicios su consulta, cl\u00ednica u hospital podr\u00e1 conseguir objetivos como: Control y coordinaci\u00f3n completo del paciente,\u00a0se acaba, por tanto, con posibles p\u00e9rdidas y manipulaci\u00f3n incorrecta de dichas muestras. [&hellip;]\" \/>\n<meta property=\"og:url\" content=\"https:\/\/www.biopathocid.com\/web\/por-que-elegir-biopathocid\/\" \/>\n<meta property=\"og:site_name\" content=\"Biopathocid - Laboratorio de anatom\u00eda patol\u00f3gica en Murcia\" \/>\n<meta property=\"article:modified_time\" content=\"2021-03-25T12:24:31+00:00\" \/>\n<meta property=\"og:image\" content=\"https:\/\/www.biopathocid.com\/web\/wp-content\/uploads\/2021\/03\/home.jpg\" \/>\n\t<meta property=\"og:image:width\" content=\"1200\" \/>\n\t<meta property=\"og:image:height\" content=\"400\" \/>\n<meta name=\"twitter:card\" content=\"summary_large_image\" \/>\n<meta name=\"twitter:label1\" content=\"Tiempo de lectura\">\n\t<meta name=\"twitter:data1\" content=\"3 minutos\">\n<script type=\"application\/ld+json\" class=\"yoast-schema-graph\">{\"@context\":\"https:\/\/schema.org\",\"@graph\":[{\"@type\":\"WebSite\",\"@id\":\"https:\/\/www.biopathocid.com\/web\/#website\",\"url\":\"https:\/\/www.biopathocid.com\/web\/\",\"name\":\"Biopathocid - Laboratorio de anatom\\u00eda patol\\u00f3gica en Murcia\",\"description\":\"Biopathocid - Laboratorio de anatom\\u00eda patol\\u00f3gica en Murcia\",\"potentialAction\":[{\"@type\":\"SearchAction\",\"target\":\"https:\/\/www.biopathocid.com\/web\/?s={search_term_string}\",\"query-input\":\"required name=search_term_string\"}],\"inLanguage\":\"es\"},{\"@type\":\"ImageObject\",\"@id\":\"https:\/\/www.biopathocid.com\/web\/por-que-elegir-biopathocid\/#primaryimage\",\"inLanguage\":\"es\",\"url\":\"https:\/\/www.biopathocid.com\/web\/wp-content\/uploads\/2021\/03\/home.jpg\",\"contentUrl\":\"https:\/\/www.biopathocid.com\/web\/wp-content\/uploads\/2021\/03\/home.jpg\",\"width\":1200,\"height\":400},{\"@type\":\"WebPage\",\"@id\":\"https:\/\/www.biopathocid.com\/web\/por-que-elegir-biopathocid\/#webpage\",\"url\":\"https:\/\/www.biopathocid.com\/web\/por-que-elegir-biopathocid\/\",\"name\":\"Por qu\\u00e9 elegir Biopathocid - Biopathocid - Laboratorio de anatom\\u00eda patol\\u00f3gica en Murcia\",\"isPartOf\":{\"@id\":\"https:\/\/www.biopathocid.com\/web\/#website\"},\"primaryImageOfPage\":{\"@id\":\"https:\/\/www.biopathocid.com\/web\/por-que-elegir-biopathocid\/#primaryimage\"},\"datePublished\":\"2021-03-18T11:26:53+00:00\",\"dateModified\":\"2021-03-25T12:24:31+00:00\",\"breadcrumb\":{\"@id\":\"https:\/\/www.biopathocid.com\/web\/por-que-elegir-biopathocid\/#breadcrumb\"},\"inLanguage\":\"es\",\"potentialAction\":[{\"@type\":\"ReadAction\",\"target\":[\"https:\/\/www.biopathocid.com\/web\/por-que-elegir-biopathocid\/\"]}]},{\"@type\":\"BreadcrumbList\",\"@id\":\"https:\/\/www.biopathocid.com\/web\/por-que-elegir-biopathocid\/#breadcrumb\",\"itemListElement\":[{\"@type\":\"ListItem\",\"position\":1,\"item\":{\"@type\":\"WebPage\",\"@id\":\"https:\/\/www.biopathocid.com\/web\/\",\"url\":\"https:\/\/www.biopathocid.com\/web\/\",\"name\":\"Portada\"}},{\"@type\":\"ListItem\",\"position\":2,\"item\":{\"@id\":\"https:\/\/www.biopathocid.com\/web\/por-que-elegir-biopathocid\/#webpage\"}}]}]}<\/script>\n<!-- \/ Yoast SEO plugin. -->","_links":{"self":[{"href":"https:\/\/www.biopathocid.com\/web\/wp-json\/wp\/v2\/pages\/10","targetHints":{"allow":["GET"]}}],"collection":[{"href":"https:\/\/www.biopathocid.com\/web\/wp-json\/wp\/v2\/pages"}],"about":[{"href":"https:\/\/www.biopathocid.com\/web\/wp-json\/wp\/v2\/types\/page"}],"author":[{"embeddable":true,"href":"https:\/\/www.biopathocid.com\/web\/wp-json\/wp\/v2\/users\/1"}],"replies":[{"embeddable":true,"href":"https:\/\/www.biopathocid.com\/web\/wp-json\/wp\/v2\/comments?post=10"}],"version-history":[{"count":10,"href":"https:\/\/www.biopathocid.com\/web\/wp-json\/wp\/v2\/pages\/10\/revisions"}],"predecessor-version":[{"id":119,"href":"https:\/\/www.biopathocid.com\/web\/wp-json\/wp\/v2\/pages\/10\/revisions\/119"}],"wp:featuredmedia":[{"embeddable":true,"href":"https:\/\/www.biopathocid.com\/web\/wp-json\/wp\/v2\/media\/61"}],"wp:attachment":[{"href":"https:\/\/www.biopathocid.com\/web\/wp-json\/wp\/v2\/media?parent=10"}],"curies":[{"name":"wp","href":"https:\/\/api.w.org\/{rel}","templated":true}]}}